{"id":170,"date":"2012-07-26T10:59:41","date_gmt":"2012-07-26T10:59:41","guid":{"rendered":"https:\/\/mi-fontaneria.es\/blog\/?page_id=170"},"modified":"2021-05-05T12:03:21","modified_gmt":"2021-05-05T12:03:21","slug":"indice","status":"publish","type":"page","link":"https:\/\/mi-fontaneria.es\/blog\/indice\/","title":{"rendered":"Indice de Entradas"},"content":{"rendered":"<h2 style=\"text-align: justify;\"><strong><span style=\"text-decoration: underline;\">Modelos de Sanitario<\/span>:<\/strong><\/h2>\n<ol style=\"text-align: justify;\">\n<li><a title=\"Versiones del modelo Dama de Roca\" href=\"https:\/\/mi-fontaneria.es\/blog\/versiones-modelo-dama-roca\/\">Versiones del Modelo Dama.<\/a><\/li>\n<li><a title=\"EL inodoro sin cisterna: \u201cIN-TANK de Roca\u201d\" href=\"https:\/\/mi-fontaneria.es\/blog\/inodoro-sin-cisterna-in-tank-roca\/\">El IN-TANK Meridian.<\/a><\/li>\n<li><a title=\"\u00bfDe qu\u00e9 marca y modelo es mi inodoro?\" href=\"https:\/\/mi-fontaneria.es\/blog\/marca-y-modelo-inodoro\/\">\u00bfDe qu\u00e9 marca y modelo es mi inodoro?<\/a><\/li>\n<\/ol>\n<h2 style=\"text-align: justify;\"><strong><span style=\"text-decoration: underline;\">Repuestos para Sanitarios<\/span>:<\/strong><\/h2>\n<h3 style=\"text-align: justify;\"><a title=\"Repuestos Roca\" href=\"https:\/\/mi-fontaneria.es\/blog\/indice\/repuestos-para-sanitarios\/roca\/\">Para Roca:<\/a><\/h3>\n<ol style=\"text-align: justify;\">\n<li><a title=\"Mecanismos de Descarga\" href=\"https:\/\/mi-fontaneria.es\/blog\/indice\/repuestos-para-sanitarios\/roca\/mecanismos-de-descarga\/\">Mecanismos de descarga<\/a>. Varios.<\/li>\n<li><a title=\"Asientos y tapas\" href=\"https:\/\/mi-fontaneria.es\/blog\/indice\/repuestos-para-sanitarios\/roca\/asientos-y-tapas\/\">Tapas y Asientos.<\/a>&nbsp;Varios.<\/li>\n<li><a href=\"https:\/\/mi-fontaneria.es\/blog\/indice\/repuestos-para-sanitarios\/roca\/pulsadores-tiradores-wc-roca\/\" target=\"_blank\" rel=\"noopener\">Pulsadores y tiradores<\/a>. Varios<\/li>\n<li><a title=\"Mecanismos aliementaci\u00f3n ROCA\" href=\"https:\/\/mi-fontaneria.es\/blog\/indice\/repuestos-para-sanitarios\/roca\/mecanismos-aliementacion-roca\/\">Mecanismos de Alimentaci\u00f3n.<\/a>&nbsp;Varios.<\/li>\n<\/ol>\n<h3 style=\"text-align: justify;\"><a title=\"Repuestos WIRQUIN\" href=\"https:\/\/mi-fontaneria.es\/blog\/indice\/repuestos-para-sanitarios\/repuestos-wirquin\/\">Para Wirquin:<\/a><\/h3>\n<ol style=\"text-align: justify;\">\n<li><a title=\"Compatibilidad ROCA y WIRQUING\" href=\"https:\/\/mi-fontaneria.es\/blog\/compatibilidad-roca-wirquing\/\">Descarga &nbsp;universal MW2-PRO<\/a><\/li>\n<li><a title=\"Sustituci\u00f3n Junta Mecanismo WIRQUIN MW2\" href=\"https:\/\/mi-fontaneria.es\/blog\/junta-mecanismo-wirquin-mw2\/\">Sustituci\u00f3n de la goma obturadora.<\/a><\/li>\n<\/ol>\n<h3><a href=\"http:\/\/www.mi-fontaneria.es\/34-repuestos-geberit\" target=\"_blank\" rel=\"noopener\">Para Geberit:<\/a><\/h3>\n<ol>\n<li>&nbsp;<a title=\"V\u00e1lvulas de Descarga Geberit para Cisterna Empotrada. Modelos.\" href=\"https:\/\/mi-fontaneria.es\/blog\/valvulas-descarga-geberit-cisterna-empotrada\/\">&nbsp;Mecanismos de descarga para Cisterna Empotrada.<\/a><\/li>\n<li>&nbsp;<a href=\"https:\/\/mi-fontaneria.es\/blog\/descarga-geberit-serie-240-ajuste-montaje\/\">Nuevo mecanismo de Descarga Serie 240.<\/a><\/li>\n<li><a href=\"https:\/\/mi-fontaneria.es\/blog\/guia-para-elegir-una-cisterna-empotrada-geberit\/\">\u00bfQu\u00e9 hay que saber antes de elegir una cisterna empotrada?<\/a><\/li>\n<\/ol>\n<h2 style=\"text-align: justify;\"><strong><span style=\"text-decoration: underline;\">&nbsp;Piscina<\/span>:<\/strong><\/h2>\n<ol style=\"text-align: justify;\">\n<li><a href=\"https:\/\/mi-fontaneria.es\/blog\/problemas-agua-piscina\/\">Gu\u00eda para los problemas m\u00e1s frecuentes.<\/a><\/li>\n<li><a title=\"C\u00e1lculo de la bomba y el filtro para la piscina\" href=\"https:\/\/mi-fontaneria.es\/blog\/calculo-de-la-bomba-y-el-filtro-para-la-piscina\/\">C\u00e1lculo de filtro y bomba.<\/a><\/li>\n<li><a title=\"C\u00e1lculo volumen de agua de una piscina\" href=\"https:\/\/mi-fontaneria.es\/blog\/calculo-volumen-de-agua-de-una-piscina\/\">C\u00e1lculo volumen de agua.<\/a><\/li>\n<li><a title=\"Funci\u00f3n del Skimmer en la piscina\" href=\"https:\/\/mi-fontaneria.es\/blog\/funcion-del-skimmer-en-la-piscina\/\">Funci\u00f3n del Skimmer.<\/a><\/li>\n<li><a title=\"C\u00e1lculo r\u00e1pido para la Bomba Dosificadora de una Piscina\" href=\"https:\/\/mi-fontaneria.es\/blog\/calculo-bomba-dosificadora-piscina\/\" target=\"_blank\" rel=\"noopener\">C\u00e1lculo de la Bomba dosificadora.<\/a><span id=\"transmark\"><\/span><\/li>\n<li><a href=\"https:\/\/mi-fontaneria.es\/blog\/cantidad-arena-filtro-piscina-astralpool\/\">Cantidad de arena que lleva un filtro de piscina.<\/a><\/li>\n<\/ol>\n<h2 style=\"text-align: justify;\"><strong><span style=\"text-decoration: underline;\">Tuber\u00edas y Accesorios<\/span>:<\/strong><\/h2>\n<ol style=\"text-align: justify;\">\n<li><a title=\"Bobina, Nippel o Carrete de Hierro Galvanizado\" href=\"https:\/\/mi-fontaneria.es\/blog\/bobina-nippel-o-carrete-de-hierro-galvanizado\/\">Bobinas de hierro galvanizado.<\/a><\/li>\n<li><a title=\"TECE accesorios enchufables para multicapa-1\" href=\"https:\/\/mi-fontaneria.es\/blog\/tece-accesorios-enchufables-para-multicapa-1\/\">Accesorios TECE.<\/a><\/li>\n<li><a title=\"Enlace tubo Polietileno para reparaci\u00f3n.\" href=\"https:\/\/mi-fontaneria.es\/blog\/enlace-tubo-polietileno-para-reparacion\/\">Manguito extralargo, reparaciones P.E.<\/a><\/li>\n<li><a href=\"https:\/\/mi-fontaneria.es\/blog\/medida-pulgada\/\">En fontaner\u00eda \u00bfQu\u00e9 y cuanto es una Pulgada?<\/a><\/li>\n<li><a href=\"https:\/\/mi-fontaneria.es\/blog\/decoracion-estilo-industrial-tuberias\/\">Decoraci\u00f3n Estilo Industrial con Tubos de Fontaner\u00eda<\/a><\/li>\n<li><a href=\"https:\/\/mi-fontaneria.es\/blog\/envejecer-o-ennegrecer-tubos-de-hierro-galvanizado\/\">Dar un Aspecto distinto a Tubos y Accesorios Galvanizados.<\/a><\/li>\n<\/ol>\n<h2 style=\"text-align: justify;\"><span style=\"text-decoration: underline;\">Problemas habituales en fontaner\u00eda:<\/span><\/h2>\n<ol>\n<li><a href=\"https:\/\/mi-fontaneria.es\/blog\/como-limpiar-un-bote-sifonico-cuando-hay-atasco-en-el-bano\/\">Limpiar Bote Sif\u00f3nico.<\/a><\/li>\n<\/ol>\n<h2 style=\"text-align: justify;\"><span style=\"text-decoration: underline;\">Noticias y Novedades<\/span>:<\/h2>\n<ol>\n<li style=\"text-align: justify;\"><a title=\"Solar Decathlon Europe 2012\" href=\"https:\/\/mi-fontaneria.es\/blog\/solar-decathlon-europe-2012\/\">Solar Decathlon Europe 2012<\/a><\/li>\n<li style=\"text-align: justify;\"><a title=\"Nueva normativa residuos el\u00e9ctricos y el\u00e9ctronicos\" href=\"https:\/\/mi-fontaneria.es\/blog\/nueva-normativa-residuos-electricos-y-electronicos\/\">Normativa Residuos El\u00e9ctricos<\/a>.<\/li>\n<\/ol>\n<p>&nbsp;<\/p>\n<h2><a title=\"Reparaciones\" href=\"https:\/\/mi-fontaneria.es\/blog\/indice\/reparaciones\/\">Vea aqu\u00ed el indice de entradas sobre aver\u00edas y reparaciones.<\/a><\/h2>\n<p>&nbsp;<\/p>\n<p>&nbsp;<\/p>\n","protected":false},"excerpt":{"rendered":"<p>Modelos de Sanitario: Versiones del Modelo Dama. El IN-TANK Meridian. \u00bfDe qu\u00e9 marca y modelo es mi inodoro? Repuestos para Sanitarios: Para Roca: Mecanismos de descarga. Varios. Tapas y Asientos.&nbsp;Varios. Pulsadores y tiradores. Varios Mecanismos de Alimentaci\u00f3n.&nbsp;Varios. Para Wirquin: Descarga &nbsp;universal MW2-PRO Sustituci\u00f3n de la goma obturadora. Para Geberit: &nbsp;&nbsp;Mecanismos de descarga para Cisterna Empotrada. [&hellip;]<\/p>\n","protected":false},"author":1,"featured_media":0,"parent":0,"menu_order":0,"comment_status":"closed","ping_status":"closed","template":"","meta":{"_genesis_hide_title":false,"_genesis_hide_breadcrumbs":false,"_genesis_hide_singular_image":false,"_genesis_hide_footer_widgets":false,"_genesis_custom_body_class":"","_genesis_custom_post_class":"","_genesis_layout":"content-sidebar","jetpack_post_was_ever_published":false,"footnotes":""},"aioseo_notices":[],"jetpack_sharing_enabled":false,"jetpack-related-posts":[{"id":685,"url":"https:\/\/mi-fontaneria.es\/blog\/indice\/sanitarios\/","url_meta":{"origin":170,"position":0},"title":"Sanitarios","author":"Grillo - Mifontaneria","date":"20 septiembre, 2013","format":false,"excerpt":"Art\u00edculos del blog sobre modelos de Sanitarios. 1. Versiones del modelo Dama de Roca. El Dama es uno de los modelos de sanitarios m\u00e1s populares del fabricante ROCA. Sali\u00f3 al mercado hace ya d\u00e9cadas y como es habitual cuando cualquier producto se mantiene por mucho tiempo en el mercado, la\u2026","rel":"","context":"Entrada similar","block_context":{"text":"Entrada similar","link":""},"img":{"alt_text":"","src":"https:\/\/i0.wp.com\/mi-fontaneria.es\/blog\/wp-content\/uploads\/2013\/09\/Inodoro-y-bida-Dama-Retro-224x300.jpg?resize=350%2C200&ssl=1","width":350,"height":200},"classes":[]},{"id":190,"url":"https:\/\/mi-fontaneria.es\/blog\/indice\/repuestos-para-sanitarios\/roca\/asientos-y-tapas\/","url_meta":{"origin":170,"position":1},"title":"Asientos y tapas","author":"Grillo - Mifontaneria","date":"26 octubre, 2012","format":false,"excerpt":"Cambios en los Asientos de inodoro Victoria. Supralit \u00a0 \u00a0 \u00a0\u00a0Bisagra m\u00e1s fijaci\u00f3n del asiento Dama. \u00a0 \u00a0 \u00a0 \u00a0 \u00a0 \u00a0 \u00a0 \u00a0 \u00a0 \u00a0 \u00a0 \u00a0 \u00a0 \u00a0 \u00a0 \u00a0\u00a0Bisagra Inodoro ca\u00edda amortiguada varios modelos Roca. \u00bfTapa o asiento de inodoro? \u00a0\u00bfQu\u00e9 bisagra lleva mi inodoro?","rel":"","context":"Entrada similar","block_context":{"text":"Entrada similar","link":""},"img":{"alt_text":"","src":"","width":0,"height":0},"classes":[]},{"id":176,"url":"https:\/\/mi-fontaneria.es\/blog\/indice\/repuestos-para-sanitarios\/","url_meta":{"origin":170,"position":2},"title":"Repuestos para Sanitarios","author":"Grillo - Mifontaneria","date":"26 octubre, 2012","format":false,"excerpt":"Indice por fabricante de Repuestos y recambios para Sanitarios. 1. Entradas en el blog que hablan sobre repuestos y recambios ROCA.\u00a0\u00a0 2. Repuestos de ROCA disponibles en nuestra tienda online. \u00a0 1. Entradas en blog que hablan sobre repuestos WIRQUIN. Repuestos WIRQUIN en nuestra tienda online. \u00a0 1. V\u00e1lvulas de\u2026","rel":"","context":"Entrada similar","block_context":{"text":"Entrada similar","link":""},"img":{"alt_text":"","src":"","width":0,"height":0},"classes":[]},{"id":535,"url":"https:\/\/mi-fontaneria.es\/blog\/indice\/repuestos-para-sanitarios\/roca\/mecanismos-aliementacion-roca\/","url_meta":{"origin":170,"position":3},"title":"Mecanismos alimentaci\u00f3n ROCA","author":"Grillo - Mifontaneria","date":"26 marzo, 2013","format":false,"excerpt":"\u00a0 Mecanismo de aliementaci\u00f3n de cisterna A2L","rel":"","context":"Entrada similar","block_context":{"text":"Entrada similar","link":""},"img":{"alt_text":"","src":"","width":0,"height":0},"classes":[]},{"id":505,"url":"https:\/\/mi-fontaneria.es\/blog\/indice\/repuestos-para-sanitarios\/roca\/pulsadores-tiradores-wc-roca\/","url_meta":{"origin":170,"position":4},"title":"Pulsadores y Tiradores para WC ROCA","author":"Grillo - Mifontaneria","date":"6 febrero, 2013","format":false,"excerpt":"\u00a0Pulsadores y Tiradores ROCA DORADOS \u00a0 \u00a0","rel":"","context":"Entrada similar","block_context":{"text":"Entrada similar","link":""},"img":{"alt_text":"","src":"","width":0,"height":0},"classes":[]},{"id":461,"url":"https:\/\/mi-fontaneria.es\/blog\/indice\/repuestos-para-sanitarios\/repuestos-wirquin\/","url_meta":{"origin":170,"position":5},"title":"Repuestos WIRQUIN","author":"Grillo - Mifontaneria","date":"28 enero, 2013","format":false,"excerpt":"Mecanismo de descarga universal MW2-PRO de WIRQUIN Sustituci\u00f3n de la goma obturadora en el MW2-PRO de WIRQUIN","rel":"","context":"Entrada similar","block_context":{"text":"Entrada similar","link":""},"img":{"alt_text":"","src":"","width":0,"height":0},"classes":[]}],"_links":{"self":[{"href":"https:\/\/mi-fontaneria.es\/blog\/wp-json\/wp\/v2\/pages\/170"}],"collection":[{"href":"https:\/\/mi-fontaneria.es\/blog\/wp-json\/wp\/v2\/pages"}],"about":[{"href":"https:\/\/mi-fontaneria.es\/blog\/wp-json\/wp\/v2\/types\/page"}],"author":[{"embeddable":true,"href":"https:\/\/mi-fontaneria.es\/blog\/wp-json\/wp\/v2\/users\/1"}],"replies":[{"embeddable":true,"href":"https:\/\/mi-fontaneria.es\/blog\/wp-json\/wp\/v2\/comments?post=170"}],"version-history":[{"count":36,"href":"https:\/\/mi-fontaneria.es\/blog\/wp-json\/wp\/v2\/pages\/170\/revisions"}],"predecessor-version":[{"id":2424,"href":"https:\/\/mi-fontaneria.es\/blog\/wp-json\/wp\/v2\/pages\/170\/revisions\/2424"}],"wp:attachment":[{"href":"https:\/\/mi-fontaneria.es\/blog\/wp-json\/wp\/v2\/media?parent=170"}],"curies":[{"name":"wp","href":"https:\/\/api.w.org\/{rel}","templated":true}]}}