{"id":176,"date":"2012-10-26T13:41:18","date_gmt":"2012-10-26T13:41:18","guid":{"rendered":"https:\/\/mi-fontaneria.es\/blog\/?page_id=176"},"modified":"2015-01-29T17:02:25","modified_gmt":"2015-01-29T17:02:25","slug":"repuestos-para-sanitarios","status":"publish","type":"page","link":"https:\/\/mi-fontaneria.es\/blog\/indice\/repuestos-para-sanitarios\/","title":{"rendered":"Repuestos para Sanitarios"},"content":{"rendered":"<h2 style=\"text-align: justify;\">Indice por fabricante de Repuestos y recambios para Sanitarios.<\/h2>\n<p><a href=\"https:\/\/mi-fontaneria.es\/blog\/indice\/repuestos-para-sanitarios\/roca\/\"><img loading=\"lazy\" decoding=\"async\" class=\"size-full wp-image-215 aligncenter\" title=\"Logo Roca\" src=\"https:\/\/mi-fontaneria.es\/blog\/wp-content\/uploads\/2012\/10\/Logo-Roca.gif\" alt=\"Enlace a repuesto para santiarios Roca\" width=\"106\" height=\"51\" \/><\/a><\/p>\n<p><a href=\"https:\/\/mi-fontaneria.es\/blog\/indice\/repuestos-para-sanitarios\/roca\/\">1. Entradas en el blog que hablan sobre repuestos y recambios ROCA.\u00a0\u00a0<\/a><\/p>\n<p><a href=\"http:\/\/www.mi-fontaneria.es\/39-repuestos-roca\">2. Repuestos de ROCA disponibles en nuestra tienda online.<\/a><\/p>\n<p>&nbsp;<\/p>\n<p><a href=\"https:\/\/mi-fontaneria.es\/blog\/indice\/repuestos-para-sanitarios\/repuestos-wirquin\/\"><img loading=\"lazy\" decoding=\"async\" class=\"  wp-image-549 aligncenter\" src=\"https:\/\/mi-fontaneria.es\/blog\/wp-content\/uploads\/2012\/10\/WIRQUIN.jpg\" alt=\"Logo WIRQUIN\" width=\"115\" height=\"94\" \/><\/a><\/p>\n<p><a href=\"https:\/\/mi-fontaneria.es\/blog\/indice\/repuestos-para-sanitarios\/repuestos-wirquin\/\">1. Entradas en blog que hablan sobre repuestos WIRQUIN.<\/a><\/p>\n<p><a href=\"http:\/\/www.mi-fontaneria.es\/33-repuestos-wirquin\">Repuestos WIRQUIN en nuestra tienda online.<\/a><\/p>\n<p>&nbsp;<\/p>\n<p><a href=\"http:\/\/www.mifontaneria.es\/saneamiento\/repuestos\/geberit\/index.php\"><img loading=\"lazy\" decoding=\"async\" class=\" wp-image-701 aligncenter\" src=\"https:\/\/mi-fontaneria.es\/blog\/wp-content\/uploads\/2012\/10\/Logo-Geberit.jpg\" alt=\"Logo Geberit\" width=\"136\" height=\"24\" \/><\/a><\/p>\n<p><a title=\"V\u00e1lvulas de Descarga Geberit para Cisterna Empotrada. Modelos.\" href=\"https:\/\/mi-fontaneria.es\/blog\/valvulas-descarga-geberit-cisterna-empotrada\/\">1. V\u00e1lvulas de descarga<\/a><\/p>\n<p><a href=\"http:\/\/www.mifontaneria.es\/saneamiento\/repuestos\/geberit\/index.php\">2. Repuestos Geberit en nuestra tienda online<\/a><\/p>\n<p>&nbsp;<\/p>\n<p><a href=\"http:\/\/www.mifontaneria.es\/saneamiento\/repuestos\/repuestos-estoli\/index.php\"><img loading=\"lazy\" decoding=\"async\" class=\" size-full wp-image-703 aligncenter\" src=\"https:\/\/mi-fontaneria.es\/blog\/wp-content\/uploads\/2012\/10\/logo-estoli.jpg\" alt=\"Asientos de Inodoro Estoli\" width=\"107\" height=\"56\" \/><\/a><\/p>\n<p><a href=\"http:\/\/www.mifontaneria.es\/saneamiento\/repuestos\/repuestos-estoli\/index.php\">1. Asientos para inodoro Estoli en mifontaneria.es<\/a><\/p>\n<h2>Roca:<\/h2>\n<p>Fabricante de porcelana sanitaria desde 1936, y grifer\u00eda desde 1954, Roca es un empresa espa\u00f1ola presente en 135 y uno de los lideres del sector a nivel mundial.<\/p>\n<h2>Wirquin:<\/h2>\n<p>Wirquin es un fabricante de origen Frances, fundado por Henri en 1969. Presente en Espa\u00f1a desde 1995, hoy es un referente para algunos de los productos m\u00e1s ic\u00f3nicos del mercado de repuestos para sanitarios.<\/p>\n<h2>Geberit:<\/h2>\n<p><strong>Geberit<\/strong>\u00a0es una empresa con 140 a\u00f1os de historia. Fundada por Caspar Geber en 1874 la compa\u00f1ia suiza vende hoy sus productos en practicamente todo el mundo. No es casualidad que as\u00ed sea, sino el fruto de un trabajo bien hecho y una apuesta decidida por la innovaci\u00f3n que ha llevado a Geberit a invertir en la actualidad m\u00e1s del 10% de sus recursos en I+D.<\/p>\n<p>&nbsp;<\/p>\n","protected":false},"excerpt":{"rendered":"<p>Indice por fabricante de Repuestos y recambios para Sanitarios. 1. Entradas en el blog que hablan sobre repuestos y recambios ROCA.\u00a0\u00a0 2. Repuestos de ROCA disponibles en nuestra tienda online. &nbsp; 1. Entradas en blog que hablan sobre repuestos WIRQUIN. Repuestos WIRQUIN en nuestra tienda online. &nbsp; 1. V\u00e1lvulas de descarga 2. Repuestos Geberit en [&hellip;]<\/p>\n","protected":false},"author":1,"featured_media":0,"parent":170,"menu_order":1,"comment_status":"closed","ping_status":"closed","template":"","meta":{"_genesis_hide_title":false,"_genesis_hide_breadcrumbs":false,"_genesis_hide_singular_image":false,"_genesis_hide_footer_widgets":false,"_genesis_custom_body_class":"","_genesis_custom_post_class":"","_genesis_layout":"content-sidebar","jetpack_post_was_ever_published":false,"footnotes":""},"aioseo_notices":[],"jetpack_sharing_enabled":true,"jetpack-related-posts":[{"id":180,"url":"https:\/\/mi-fontaneria.es\/blog\/indice\/repuestos-para-sanitarios\/roca\/","url_meta":{"origin":176,"position":0},"title":"Repuestos Roca","author":"Grillo - Mifontaneria","date":"26 octubre, 2012","format":false,"excerpt":"\u00a0Asientos y Tapas para indoro y bide marca ROCA \u00a0Mecanismo de descarga Roca. \u00a0Pulsadores y Tiradores ROCA en DORADO \u00a0Alimentacion de cisterna A2L de ROCA (Reparaci\u00f3n)","rel":"","context":"Entrada similar","block_context":{"text":"Entrada similar","link":""},"img":{"alt_text":"","src":"","width":0,"height":0},"classes":[]},{"id":535,"url":"https:\/\/mi-fontaneria.es\/blog\/indice\/repuestos-para-sanitarios\/roca\/mecanismos-aliementacion-roca\/","url_meta":{"origin":176,"position":1},"title":"Mecanismos alimentaci\u00f3n ROCA","author":"Grillo - Mifontaneria","date":"26 marzo, 2013","format":false,"excerpt":"\u00a0 Mecanismo de aliementaci\u00f3n de cisterna A2L","rel":"","context":"Entrada similar","block_context":{"text":"Entrada similar","link":""},"img":{"alt_text":"","src":"","width":0,"height":0},"classes":[]},{"id":505,"url":"https:\/\/mi-fontaneria.es\/blog\/indice\/repuestos-para-sanitarios\/roca\/pulsadores-tiradores-wc-roca\/","url_meta":{"origin":176,"position":2},"title":"Pulsadores y Tiradores para WC ROCA","author":"Grillo - Mifontaneria","date":"6 febrero, 2013","format":false,"excerpt":"\u00a0Pulsadores y Tiradores ROCA DORADOS \u00a0 \u00a0","rel":"","context":"Entrada similar","block_context":{"text":"Entrada similar","link":""},"img":{"alt_text":"","src":"","width":0,"height":0},"classes":[]},{"id":184,"url":"https:\/\/mi-fontaneria.es\/blog\/indice\/repuestos-para-sanitarios\/roca\/mecanismos-de-descarga\/","url_meta":{"origin":176,"position":3},"title":"Mecanismos de Descarga Roca","author":"Grillo - Mifontaneria","date":"26 octubre, 2012","format":false,"excerpt":"\u00a0Mecanismo Roca D2P. Modificaci\u00f3n en la presentaci\u00f3n introducida por el fabricante en 2012. Diferencias entre los mecanismos de descarga Roca D1D y D2D","rel":"","context":"Entrada similar","block_context":{"text":"Entrada similar","link":""},"img":{"alt_text":"","src":"","width":0,"height":0},"classes":[]},{"id":190,"url":"https:\/\/mi-fontaneria.es\/blog\/indice\/repuestos-para-sanitarios\/roca\/asientos-y-tapas\/","url_meta":{"origin":176,"position":4},"title":"Asientos y tapas","author":"Grillo - Mifontaneria","date":"26 octubre, 2012","format":false,"excerpt":"Cambios en los Asientos de inodoro Victoria. Supralit \u00a0 \u00a0 \u00a0\u00a0Bisagra m\u00e1s fijaci\u00f3n del asiento Dama. \u00a0 \u00a0 \u00a0 \u00a0 \u00a0 \u00a0 \u00a0 \u00a0 \u00a0 \u00a0 \u00a0 \u00a0 \u00a0 \u00a0 \u00a0 \u00a0\u00a0Bisagra Inodoro ca\u00edda amortiguada varios modelos Roca. \u00bfTapa o asiento de inodoro? \u00a0\u00bfQu\u00e9 bisagra lleva mi inodoro?","rel":"","context":"Entrada similar","block_context":{"text":"Entrada similar","link":""},"img":{"alt_text":"","src":"","width":0,"height":0},"classes":[]},{"id":461,"url":"https:\/\/mi-fontaneria.es\/blog\/indice\/repuestos-para-sanitarios\/repuestos-wirquin\/","url_meta":{"origin":176,"position":5},"title":"Repuestos WIRQUIN","author":"Grillo - Mifontaneria","date":"28 enero, 2013","format":false,"excerpt":"Mecanismo de descarga universal MW2-PRO de WIRQUIN Sustituci\u00f3n de la goma obturadora en el MW2-PRO de WIRQUIN","rel":"","context":"Entrada similar","block_context":{"text":"Entrada similar","link":""},"img":{"alt_text":"","src":"","width":0,"height":0},"classes":[]}],"_links":{"self":[{"href":"https:\/\/mi-fontaneria.es\/blog\/wp-json\/wp\/v2\/pages\/176"}],"collection":[{"href":"https:\/\/mi-fontaneria.es\/blog\/wp-json\/wp\/v2\/pages"}],"about":[{"href":"https:\/\/mi-fontaneria.es\/blog\/wp-json\/wp\/v2\/types\/page"}],"author":[{"embeddable":true,"href":"https:\/\/mi-fontaneria.es\/blog\/wp-json\/wp\/v2\/users\/1"}],"replies":[{"embeddable":true,"href":"https:\/\/mi-fontaneria.es\/blog\/wp-json\/wp\/v2\/comments?post=176"}],"version-history":[{"count":24,"href":"https:\/\/mi-fontaneria.es\/blog\/wp-json\/wp\/v2\/pages\/176\/revisions"}],"predecessor-version":[{"id":2420,"href":"https:\/\/mi-fontaneria.es\/blog\/wp-json\/wp\/v2\/pages\/176\/revisions\/2420"}],"up":[{"embeddable":true,"href":"https:\/\/mi-fontaneria.es\/blog\/wp-json\/wp\/v2\/pages\/170"}],"wp:attachment":[{"href":"https:\/\/mi-fontaneria.es\/blog\/wp-json\/wp\/v2\/media?parent=176"}],"curies":[{"name":"wp","href":"https:\/\/api.w.org\/{rel}","templated":true}]}}