{"id":190,"date":"2012-10-26T14:04:53","date_gmt":"2012-10-26T14:04:53","guid":{"rendered":"https:\/\/mi-fontaneria.es\/blog\/?page_id=190"},"modified":"2018-07-12T16:57:00","modified_gmt":"2018-07-12T16:57:00","slug":"asientos-y-tapas","status":"publish","type":"page","link":"https:\/\/mi-fontaneria.es\/blog\/indice\/repuestos-para-sanitarios\/roca\/asientos-y-tapas\/","title":{"rendered":"Asientos y tapas"},"content":{"rendered":"<p style=\"text-align: center;\"><a href=\"\/blog\/cambios-en-los-asientos-y-tapas-de-inodoro-roca-victoria\/\"><img loading=\"lazy\" decoding=\"async\" class=\"aligncenter wp-image-2136 size-thumbnail\" src=\"https:\/\/mi-fontaneria.es\/blog\/wp-content\/uploads\/2018\/07\/Tapa-Asiento-WC-Roca-Victoria-Spralit-150x150.jpg\" alt=\"Tapa Supralit Modelo Victoria\" width=\"150\" height=\"150\" srcset=\"https:\/\/mi-fontaneria.es\/blog\/wp-content\/uploads\/2018\/07\/Tapa-Asiento-WC-Roca-Victoria-Spralit-150x150.jpg 150w, https:\/\/mi-fontaneria.es\/blog\/wp-content\/uploads\/2018\/07\/Tapa-Asiento-WC-Roca-Victoria-Spralit-300x300.jpg 300w, https:\/\/mi-fontaneria.es\/blog\/wp-content\/uploads\/2018\/07\/Tapa-Asiento-WC-Roca-Victoria-Spralit.jpg 620w\" sizes=\"(max-width: 150px) 100vw, 150px\" \/><\/a><\/p>\n<p style=\"text-align: center;\"><a href=\"\/blog\/cambios-en-los-asientos-y-tapas-de-inodoro-roca-victoria\/\">Cambios en los Asientos de inodoro Victoria. Supralit<\/a><\/p>\n<p style=\"text-align: center;\"><a href=\"https:\/\/mi-fontaneria.es\/blog\/conjunto-bisagra-fijacion-para-asiento-inodoro-dama-blanco\/\"><img loading=\"lazy\" decoding=\"async\" class=\" aligncenter wp-image-193 size-thumbnail\" title=\"Conjunto bisagra y fijacion dama\" src=\"https:\/\/mi-fontaneria.es\/blog\/wp-content\/uploads\/2012\/10\/Conjunto-bisagra-y-fijacion-dama-150x150.jpg\" alt=\"Enlace a conjunto bisagra + fijacion dama\" width=\"150\" height=\"150\" \/><\/a>\u00a0 \u00a0 \u00a0\u00a0<a title=\"Conjunto Bisagra + Fijaci\u00f3n para asiento inodoro Dama Blanco\" href=\"https:\/\/mi-fontaneria.es\/blog\/conjunto-bisagra-fijacion-para-asiento-inodoro-dama-blanco\/\">Bisagra m\u00e1s fijaci\u00f3n del asiento Dama.<\/a><\/p>\n<p><a href=\"https:\/\/mi-fontaneria.es\/blog\/bisagra-inodoro-roca-caida-amortiguada-802910190\/\"><img loading=\"lazy\" decoding=\"async\" class=\"aligncenter wp-image-389 size-thumbnail\" src=\"https:\/\/mi-fontaneria.es\/blog\/wp-content\/uploads\/2012\/10\/Bisagra-Amortiguada-Roca-802910190-A-150x150.jpg\" alt=\"Bisagra inodoro ca\u00edda amortiguada ROCA varios modelos\" width=\"150\" height=\"150\" \/><\/a><\/p>\n<p style=\"display: inline !important; text-align: center;\">\u00a0 \u00a0 \u00a0 \u00a0 \u00a0 \u00a0 \u00a0 \u00a0 \u00a0 \u00a0 \u00a0 \u00a0 \u00a0 \u00a0 \u00a0 \u00a0\u00a0<a href=\"https:\/\/mi-fontaneria.es\/blog\/bisagra-inodoro-roca-caida-amortiguada-802910190\/\">Bisagra Inodoro ca\u00edda amortiguada varios modelos Roca.<\/a><\/p>\n<p><a href=\"https:\/\/mi-fontaneria.es\/blog\/diferencia-entre-tapa-y-asiento-de-inodoro\/\"><img loading=\"lazy\" decoding=\"async\" class=\"aligncenter wp-image-558 size-thumbnail\" src=\"https:\/\/mi-fontaneria.es\/blog\/wp-content\/uploads\/2013\/04\/Inodoro-posici\u00f3n-Reposo-150x150.jpg\" alt=\"Inodoro en posicion de reposo\" width=\"150\" height=\"150\" \/><\/a><\/p>\n<p style=\"text-align: center;\"><a title=\"Diferencia entre Tapa y Asiento de inodoro\" href=\"https:\/\/mi-fontaneria.es\/blog\/diferencia-entre-tapa-y-asiento-de-inodoro\/\">\u00bfTapa o asiento de inodoro?<\/a><\/p>\n<div id=\"attachment_820\" style=\"width: 160px\" class=\"wp-caption aligncenter\"><a href=\"https:\/\/mi-fontaneria.es\/blog\/listado-bisagras-inodoro-roca\/\"><img loading=\"lazy\" decoding=\"async\" aria-describedby=\"caption-attachment-820\" class=\"wp-image-820 size-thumbnail\" src=\"https:\/\/mi-fontaneria.es\/blog\/wp-content\/uploads\/2014\/01\/Todas-bisagras-roca-150x150.jpg\" alt=\"Varios modelos de bisagra de inodoro Roca\" width=\"150\" height=\"150\" \/><\/a><p id=\"caption-attachment-820\" class=\"wp-caption-text\">En nuestra tienda online<\/p><\/div>\n<p style=\"text-align: center;\">\u00a0<a href=\"https:\/\/mi-fontaneria.es\/blog\/listado-bisagras-inodoro-roca\/\">\u00bfQu\u00e9 bisagra lleva mi inodoro?<\/a><\/p>\n","protected":false},"excerpt":{"rendered":"<p>Cambios en los Asientos de inodoro Victoria. Supralit \u00a0 \u00a0 \u00a0\u00a0Bisagra m\u00e1s fijaci\u00f3n del asiento Dama. \u00a0 \u00a0 \u00a0 \u00a0 \u00a0 \u00a0 \u00a0 \u00a0 \u00a0 \u00a0 \u00a0 \u00a0 \u00a0 \u00a0 \u00a0 \u00a0\u00a0Bisagra Inodoro ca\u00edda amortiguada varios modelos Roca. \u00bfTapa o asiento de inodoro? \u00a0\u00bfQu\u00e9 bisagra lleva mi inodoro?<\/p>\n","protected":false},"author":1,"featured_media":0,"parent":180,"menu_order":0,"comment_status":"closed","ping_status":"closed","template":"","meta":{"_genesis_hide_title":false,"_genesis_hide_breadcrumbs":false,"_genesis_hide_singular_image":false,"_genesis_hide_footer_widgets":false,"_genesis_custom_body_class":"","_genesis_custom_post_class":"","_genesis_layout":"content-sidebar","jetpack_post_was_ever_published":false,"footnotes":""},"aioseo_notices":[],"jetpack_sharing_enabled":true,"jetpack-related-posts":[{"id":180,"url":"https:\/\/mi-fontaneria.es\/blog\/indice\/repuestos-para-sanitarios\/roca\/","url_meta":{"origin":190,"position":0},"title":"Repuestos Roca","author":"Grillo - Mifontaneria","date":"26 octubre, 2012","format":false,"excerpt":"\u00a0Asientos y Tapas para indoro y bide marca ROCA \u00a0Mecanismo de descarga Roca. \u00a0Pulsadores y Tiradores ROCA en DORADO \u00a0Alimentacion de cisterna A2L de ROCA (Reparaci\u00f3n)","rel":"","context":"Entrada similar","block_context":{"text":"Entrada similar","link":""},"img":{"alt_text":"","src":"","width":0,"height":0},"classes":[]},{"id":176,"url":"https:\/\/mi-fontaneria.es\/blog\/indice\/repuestos-para-sanitarios\/","url_meta":{"origin":190,"position":1},"title":"Repuestos para Sanitarios","author":"Grillo - Mifontaneria","date":"26 octubre, 2012","format":false,"excerpt":"Indice por fabricante de Repuestos y recambios para Sanitarios. 1. Entradas en el blog que hablan sobre repuestos y recambios ROCA.\u00a0\u00a0 2. Repuestos de ROCA disponibles en nuestra tienda online. \u00a0 1. Entradas en blog que hablan sobre repuestos WIRQUIN. Repuestos WIRQUIN en nuestra tienda online. \u00a0 1. V\u00e1lvulas de\u2026","rel":"","context":"Entrada similar","block_context":{"text":"Entrada similar","link":""},"img":{"alt_text":"","src":"","width":0,"height":0},"classes":[]},{"id":170,"url":"https:\/\/mi-fontaneria.es\/blog\/indice\/","url_meta":{"origin":190,"position":2},"title":"Indice de Entradas","author":"Grillo - Mifontaneria","date":"26 julio, 2012","format":false,"excerpt":"Modelos de Sanitario: Versiones del Modelo Dama. El IN-TANK Meridian. \u00bfDe qu\u00e9 marca y modelo es mi inodoro? Repuestos para Sanitarios: Para Roca: Mecanismos de descarga. Varios. Tapas y Asientos.\u00a0Varios. Pulsadores y tiradores. Varios Mecanismos de Alimentaci\u00f3n.\u00a0Varios. Para Wirquin: Descarga \u00a0universal MW2-PRO Sustituci\u00f3n de la goma obturadora. Para Geberit: \u00a0\u00a0Mecanismos\u2026","rel":"","context":"Entrada similar","block_context":{"text":"Entrada similar","link":""},"img":{"alt_text":"","src":"","width":0,"height":0},"classes":[]},{"id":776,"url":"https:\/\/mi-fontaneria.es\/blog\/indice\/reparaciones\/","url_meta":{"origin":190,"position":3},"title":"Reparaciones","author":"Grillo - Mifontaneria","date":"15 octubre, 2013","format":false,"excerpt":"Listado de post sobre reparaciones \u00a0 Desconchado en una ba\u00f1era Reparaci\u00f3n m\u00e1s frecuente en un mecanismo de llenado Roca (antig\u00fco) Sustituir goma obturadora en el mecanismo de descarga Wirquin MW2 Sustituir bisagra amortiguada en un inodoro Roca Cambiar la bisagra en un inodoro Roca Dama (Antig\u00fco) Como limpiar un bote\u2026","rel":"","context":"Entrada similar","block_context":{"text":"Entrada similar","link":""},"img":{"alt_text":"","src":"","width":0,"height":0},"classes":[]},{"id":685,"url":"https:\/\/mi-fontaneria.es\/blog\/indice\/sanitarios\/","url_meta":{"origin":190,"position":4},"title":"Sanitarios","author":"Grillo - Mifontaneria","date":"20 septiembre, 2013","format":false,"excerpt":"Art\u00edculos del blog sobre modelos de Sanitarios. 1. Versiones del modelo Dama de Roca. El Dama es uno de los modelos de sanitarios m\u00e1s populares del fabricante ROCA. Sali\u00f3 al mercado hace ya d\u00e9cadas y como es habitual cuando cualquier producto se mantiene por mucho tiempo en el mercado, la\u2026","rel":"","context":"Entrada similar","block_context":{"text":"Entrada similar","link":""},"img":{"alt_text":"","src":"https:\/\/i0.wp.com\/mi-fontaneria.es\/blog\/wp-content\/uploads\/2013\/09\/Inodoro-y-bida-Dama-Retro-224x300.jpg?resize=350%2C200&ssl=1","width":350,"height":200},"classes":[]},{"id":505,"url":"https:\/\/mi-fontaneria.es\/blog\/indice\/repuestos-para-sanitarios\/roca\/pulsadores-tiradores-wc-roca\/","url_meta":{"origin":190,"position":5},"title":"Pulsadores y Tiradores para WC ROCA","author":"Grillo - Mifontaneria","date":"6 febrero, 2013","format":false,"excerpt":"\u00a0Pulsadores y Tiradores ROCA DORADOS \u00a0 \u00a0","rel":"","context":"Entrada similar","block_context":{"text":"Entrada similar","link":""},"img":{"alt_text":"","src":"","width":0,"height":0},"classes":[]}],"_links":{"self":[{"href":"https:\/\/mi-fontaneria.es\/blog\/wp-json\/wp\/v2\/pages\/190"}],"collection":[{"href":"https:\/\/mi-fontaneria.es\/blog\/wp-json\/wp\/v2\/pages"}],"about":[{"href":"https:\/\/mi-fontaneria.es\/blog\/wp-json\/wp\/v2\/types\/page"}],"author":[{"embeddable":true,"href":"https:\/\/mi-fontaneria.es\/blog\/wp-json\/wp\/v2\/users\/1"}],"replies":[{"embeddable":true,"href":"https:\/\/mi-fontaneria.es\/blog\/wp-json\/wp\/v2\/comments?post=190"}],"version-history":[{"count":40,"href":"https:\/\/mi-fontaneria.es\/blog\/wp-json\/wp\/v2\/pages\/190\/revisions"}],"predecessor-version":[{"id":2140,"href":"https:\/\/mi-fontaneria.es\/blog\/wp-json\/wp\/v2\/pages\/190\/revisions\/2140"}],"up":[{"embeddable":true,"href":"https:\/\/mi-fontaneria.es\/blog\/wp-json\/wp\/v2\/pages\/180"}],"wp:attachment":[{"href":"https:\/\/mi-fontaneria.es\/blog\/wp-json\/wp\/v2\/media?parent=190"}],"curies":[{"name":"wp","href":"https:\/\/api.w.org\/{rel}","templated":true}]}}