{"id":2,"date":"2012-10-09T23:45:12","date_gmt":"2012-10-09T23:45:12","guid":{"rendered":"https:\/\/mi-fontaneria.es\/blog\/?page_id=2"},"modified":"2021-05-03T09:55:17","modified_gmt":"2021-05-03T09:55:17","slug":"aviso-legal","status":"publish","type":"page","link":"https:\/\/mi-fontaneria.es\/blog\/aviso-legal\/","title":{"rendered":"Aviso Legal"},"content":{"rendered":"<p>1.1.&nbsp;<strong>www.mi-fontaneria.es\/blog<\/strong>&nbsp;se libera expresamente de toda responsabilidad legal por cualquier da\u00f1o, p\u00e9rdida o lesi\u00f3n como resultado de las actividades de cualquier visitante del Sitio y el uso que le puedan dar a su contenido.<\/p>\n<p>1.2.&nbsp;<strong>www.mi-fontaneria.es\/blog<\/strong>&nbsp;contiene enlaces externos a p\u00e1ginas de otros lectores\/usuarios\/anunciantes y no se hace responsable de sus pr\u00e1cticas en lo que refiere a tu privacidad.<\/p>\n<p>1.3.&nbsp;<strong>www.mi-fontaneria.es\/blog<\/strong>&nbsp;no es responsable por lo que Ud. pudiera hacer con la informaci\u00f3n y links de este Sitio.<\/p>\n<p>1.4.&nbsp;<strong>www.mi-fontaneria.es\/blog<\/strong>&nbsp;no se hace responsable por la interpretaci\u00f3n de la informaci\u00f3n expuesta en el Sitio.<\/p>\n<p>1.5.<strong>&nbsp;www.mi-fontaneria.es\/blog<\/strong>&nbsp;se reserva el derecho de aceptar o eliminar cualquier tipo de comentario o enlace externo publicado en el Sitio.<\/p>\n<p>1.6. Ud. reconoce haber le\u00eddo las presentes condiciones de uso general, dando conformidad a las mismas en todos sus t\u00e9rminos y condiciones. Ud. se compromete a no usar el Sitio para fines ilegales, no autorizados y\/o que desvirt\u00faen los enunciados de las presentes condiciones.<\/p>\n<p><strong>2. Pol\u00edtica de Privacidad.<\/strong><\/p>\n<p>En&nbsp;<strong>www.mi-fontaneria.es<\/strong>&nbsp;sabemos que la privacidad de nuestros lectores\/usuarios\/anunciantes es importante, por lo que la \u00bbPol\u00edtica de Privacidad\u00bb de&nbsp;<strong>www.mi-fontaneria.es\/blog<\/strong>&nbsp;se utiliza para que los lectores\/usuarios\/anunciantes del sitio conozcan como recogemos, guardamos o utilizamos la informaci\u00f3n que recabamos a trav\u00e9s de los diferentes servicios que se ofrecen y\/o p\u00e1ginas disponibles en este sitio.<br \/>\nPor favor, lea el siguiente documento para conocer mejor c\u00f3mo manejamos la informaci\u00f3n, incluido qu\u00e9 tipo de datos recabamos, c\u00f3mo los usamos y con qu\u00e9 fin, a qui\u00e9n se los facilitamos y qu\u00e9 hacemos para proteger su informaci\u00f3n personal. Recomendamos tambi\u00e9n tener presente las&nbsp;<a href=\"http:\/\/www.google.es\/privacypolicy.html\">Pol\u00edticas de Privacidad de Google<\/a>, ya que indirectamente el acceso a&nbsp;<strong>www.mi-fontaneria.es<\/strong>&nbsp;implica la aceptaci\u00f3n de las mismas, en todos sus t\u00e9rminos y condiciones.<\/p>\n<p><strong>3. Otros aspectos sobre la privacidad.<\/strong><\/p>\n<p>3.1. Si utiliza los comentarios\/trackbacks de&nbsp;<strong>www.mi-fontaneria.es\/blog<\/strong>, debe tener en cuenta que cualquier informaci\u00f3n que publique estar\u00e1 a disposici\u00f3n del resto de los lectores\/usuarios\/anunciantes. La informaci\u00f3n personal distintiva que env\u00edes a estos puede ser le\u00edda, recopilada o utilizada por otros lectores\/usuarios.<\/p>\n<p>3.2.<strong>&nbsp;www.mi-fontaneria.es<\/strong>&nbsp;no se hace responsable de la informaci\u00f3n personal que decidas publicar, esta se considera de car\u00e1cter p\u00fablico y no confidencial.<\/p>\n<p>3.3.&nbsp;<strong>www.mi-fontaneria.es<\/strong>&nbsp;puede albergar publicidad propia, de afiliados, o de redes publicitarias. Esta publicidad se muestra mediante servidores publicitarios que tambi\u00e9n utilizan cookies para mostrar contenidos publicitarios afines a los usuarios. Cada uno de estos servidores publicitarios dispone de su propia pol\u00edtica de privacidad, que puede ser consultada en sus propias p\u00e1ginas web.<\/p>\n<p>3.4.&nbsp;<strong>www.mi-fontaneria.es\/blog\/&nbsp;<\/strong>es un blog corporativo por lo que si se suscribe a sus entradas puede que alguna de ellas hagan referencia a ofertas, promociones o publicidad de los art\u00edculos a la venta en www.mi-fontaneria.es<\/p>\n<p>Actualmente este sitio no muestra publicidad externa<\/p>\n<p><strong>4. Cambios en la pol\u00edtica.<\/strong><\/p>\n<p><strong>www.mi-fontaneria.es<\/strong>&nbsp;se reserva el derecho a modificar total o parcialmente estas condiciones cuando lo estime necesario sin previo aviso.<\/p>\n<p><strong>Contacto.<\/strong><\/p>\n<p>Por cuestiones relacionadas con la privacidad, derechos de autor, las pol\u00edticas del blog, etc.,&nbsp;usted puede contactar con los responsables de&nbsp;<strong>www.mi-fontaneria.es<\/strong>&nbsp;por medio del correo electr\u00f3nico<strong>&nbsp;grillo@mifontaneria.es<\/strong>&nbsp;o en la secci\u00f3n de&nbsp;<a href=\"http:\/\/www.mi-fontaneria.es\/contactenos\" target=\"_blank\" rel=\"noopener noreferrer\">contacto<\/a><\/p>\n<p><a title=\"Pol\u00edtica de Cookies\" href=\"https:\/\/mi-fontaneria.es\/blog\/aviso-legal\/politica-de-cookies\/\"><strong>Pol\u00edtica de Cookies<\/strong><\/a><\/p>\n<p><a href=\"\/blog\/aviso-legal\/clausula-informativa-para-clientes-facturacion\/\"><strong>Clausula para clientes &#8211; Facturaci\u00f3n<\/strong><\/a><\/p>\n<p><a href=\"\/blog\/aviso-legal\/clausula-para-presupuestos\/\"><strong>Clausula para Presupuestos<\/strong><\/a><\/p>\n","protected":false},"excerpt":{"rendered":"<p>1.1.&nbsp;www.mi-fontaneria.es\/blog&nbsp;se libera expresamente de toda responsabilidad legal por cualquier da\u00f1o, p\u00e9rdida o lesi\u00f3n como resultado de las actividades de cualquier visitante del Sitio y el uso que le puedan dar a su contenido. 1.2.&nbsp;www.mi-fontaneria.es\/blog&nbsp;contiene enlaces externos a p\u00e1ginas de otros lectores\/usuarios\/anunciantes y no se hace responsable de sus pr\u00e1cticas en lo que refiere a tu [&hellip;]<\/p>\n","protected":false},"author":1,"featured_media":0,"parent":0,"menu_order":2,"comment_status":"closed","ping_status":"closed","template":"","meta":{"_genesis_hide_title":false,"_genesis_hide_breadcrumbs":false,"_genesis_hide_singular_image":false,"_genesis_hide_footer_widgets":false,"_genesis_custom_body_class":"","_genesis_custom_post_class":"","_genesis_layout":"","jetpack_post_was_ever_published":false,"footnotes":""},"aioseo_notices":[],"jetpack_sharing_enabled":false,"jetpack-related-posts":[{"id":799,"url":"https:\/\/mi-fontaneria.es\/blog\/aviso-legal\/politica-de-cookies\/","url_meta":{"origin":2,"position":0},"title":"Pol\u00edtica de Cookies","author":"Grillo - Mifontaneria","date":"17 diciembre, 2013","format":false,"excerpt":"Est\u00e1 pol\u00edtica de cookies elaborada por Fontaner\u00eda y Saneamientos Grillo tiene como fin el informarle del uso que hacemos de las cookies en nuestros sitios: www.mi-fontaneria.es y www.mi-fontaneria.es\/blog\/ \u00bfQu\u00e9 es una cookie? Una Cookies es un peque\u00f1o archivo que nuestra, o cualquier otra web (la mayor\u00eda de las p\u00e1ginas web\u2026","rel":"","context":"Entrada similar","block_context":{"text":"Entrada similar","link":""},"img":{"alt_text":"","src":"","width":0,"height":0},"classes":[]},{"id":282,"url":"https:\/\/mi-fontaneria.es\/blog\/indice\/calculos\/","url_meta":{"origin":2,"position":1},"title":"C\u00e1lculos","author":"Grillo - Mifontaneria","date":"30 octubre, 2012","format":false,"excerpt":"1.) C\u00e1lculo bomba y filtro para la piscina Uno de los c\u00e1lculos que con m\u00e1s frecuencia hacemos en fontaner\u00eda, sobre todo cuando se acerca el calor, es el de la bomba y el filtro adecuados para la depuraci\u00f3n del agua de una piscina. 2.) C\u00e1lculo volumen de agua en una\u2026","rel":"","context":"Entrada similar","block_context":{"text":"Entrada similar","link":""},"img":{"alt_text":"","src":"https:\/\/i0.wp.com\/mi-fontaneria.es\/blog\/wp-content\/uploads\/2012\/10\/Filtro-piscina-280x300.jpg?resize=350%2C200&ssl=1","width":350,"height":200},"classes":[]},{"id":2268,"url":"https:\/\/mi-fontaneria.es\/blog\/aviso-legal\/clausula-para-presupuestos\/","url_meta":{"origin":2,"position":2},"title":"Clausula para Presupuestos","author":"Grillo - Mifontaneria","date":"20 junio, 2019","format":false,"excerpt":"En cumplimiento del Reglamento General de Protecci\u00f3n de Datos (UE) 2016\/679 del Parlamento Europeo y del Consejo de 27 de abril de 2016 y la ley org\u00e1nica 3\/2018 de 5 de diciembre de Protecci\u00f3n de Datos Personales yde Garant\u00eda de los Derechos Digitales le informamos que los datos por Vd.\u2026","rel":"","context":"Entrada similar","block_context":{"text":"Entrada similar","link":""},"img":{"alt_text":"","src":"","width":0,"height":0},"classes":[]},{"id":2384,"url":"https:\/\/mi-fontaneria.es\/blog\/","url_meta":{"origin":2,"position":3},"title":"Inicio","author":"Grillo - Mifontaneria","date":"29 abril, 2021","format":false,"excerpt":"Este es un blog dedicado al mundo de la fontaner\u00eda por Fontaner\u00eda y Saenamientos Grillo, S.L. una empresa familiar afincada en Mairena del Alcor, Sevilla. En el mismo intentamos aclarar cuestiones relacionadas con los productos que comercializamos en nuestra tienda online: mi-fontaneria.es adem\u00e1s de presentar novedades e informar sobre dudas\u2026","rel":"","context":"Entrada similar","block_context":{"text":"Entrada similar","link":""},"img":{"alt_text":"Fachada Tienda f\u00edsica Fontaner\u00eda y Saneamientos Grillo","src":"https:\/\/i0.wp.com\/mi-fontaneria.es\/blog\/wp-content\/uploads\/2019\/09\/Fachada-Fontaneria-Grillo.jpg?resize=350%2C200&ssl=1","width":350,"height":200,"srcset":"https:\/\/i0.wp.com\/mi-fontaneria.es\/blog\/wp-content\/uploads\/2019\/09\/Fachada-Fontaneria-Grillo.jpg?resize=350%2C200&ssl=1 1x, https:\/\/i0.wp.com\/mi-fontaneria.es\/blog\/wp-content\/uploads\/2019\/09\/Fachada-Fontaneria-Grillo.jpg?resize=525%2C300&ssl=1 1.5x"},"classes":[]},{"id":212,"url":"https:\/\/mi-fontaneria.es\/blog\/indice\/piscina\/filtracion-y-bombeo\/","url_meta":{"origin":2,"position":4},"title":"Filtracion y bombeo","author":"Grillo - Mifontaneria","date":"26 octubre, 2012","format":false,"excerpt":"El contenido de esta p\u00e1gina se ha mudado a \"Piscina\" por favor, siga el enlace para verlo.","rel":"","context":"Entrada similar","block_context":{"text":"Entrada similar","link":""},"img":{"alt_text":"","src":"https:\/\/i0.wp.com\/mi-fontaneria.es\/blog\/wp-content\/uploads\/2013\/05\/Funcionamiento-Skimmer-piscina-300x225.jpg?resize=350%2C200&ssl=1","width":350,"height":200},"classes":[]},{"id":196,"url":"https:\/\/mi-fontaneria.es\/blog\/indice\/tuberias-y-accesorios\/","url_meta":{"origin":2,"position":5},"title":"Tuberias y accesorios","author":"Grillo - Mifontaneria","date":"26 octubre, 2012","format":false,"excerpt":"Multicapa Polietileno \u00a0 Bobinas de hierro Galvanizado. Decoraci\u00f3n Estilo Industrial","rel":"","context":"Entrada similar","block_context":{"text":"Entrada similar","link":""},"img":{"alt_text":"","src":"","width":0,"height":0},"classes":[]}],"_links":{"self":[{"href":"https:\/\/mi-fontaneria.es\/blog\/wp-json\/wp\/v2\/pages\/2"}],"collection":[{"href":"https:\/\/mi-fontaneria.es\/blog\/wp-json\/wp\/v2\/pages"}],"about":[{"href":"https:\/\/mi-fontaneria.es\/blog\/wp-json\/wp\/v2\/types\/page"}],"author":[{"embeddable":true,"href":"https:\/\/mi-fontaneria.es\/blog\/wp-json\/wp\/v2\/users\/1"}],"replies":[{"embeddable":true,"href":"https:\/\/mi-fontaneria.es\/blog\/wp-json\/wp\/v2\/comments?post=2"}],"version-history":[{"count":10,"href":"https:\/\/mi-fontaneria.es\/blog\/wp-json\/wp\/v2\/pages\/2\/revisions"}],"predecessor-version":[{"id":2421,"href":"https:\/\/mi-fontaneria.es\/blog\/wp-json\/wp\/v2\/pages\/2\/revisions\/2421"}],"wp:attachment":[{"href":"https:\/\/mi-fontaneria.es\/blog\/wp-json\/wp\/v2\/media?parent=2"}],"curies":[{"name":"wp","href":"https:\/\/api.w.org\/{rel}","templated":true}]}}