{"id":2258,"date":"2019-06-20T10:06:14","date_gmt":"2019-06-20T10:06:14","guid":{"rendered":"https:\/\/mi-fontaneria.es\/blog\/?page_id=2258"},"modified":"2019-06-20T10:08:45","modified_gmt":"2019-06-20T10:08:45","slug":"clausula-informativa-para-clientes-facturacion","status":"publish","type":"page","link":"https:\/\/mi-fontaneria.es\/blog\/aviso-legal\/clausula-informativa-para-clientes-facturacion\/","title":{"rendered":"Clausula informativa para clientes (Facturaci\u00f3n)"},"content":{"rendered":"\n<h3 class=\"wp-block-heading\"><\/h3>\n\n\n\n<p>En cumplimiento del Reglamento General de Protecci\u00f3n de Datos (UE) 2016\/679 del Parlamento Europeo y del Consejo de 27 de abril de 2016 y la ley org\u00e1nica 3\/2018 de 5 de diciembre de Protecci\u00f3n de Datos Personales y<br>de Garant\u00eda de los Derechos Digitales le informamos que los datos por Vd. proporcionados ser\u00e1n objeto de tratamiento por parte de FONTANERIA Y SANEAMIENTO GRILLO, S.L. con CIF B41708678, con domicilio en<br> MAIRENA DEL ALCOR (SEVILLA), C.P. 41510 , AVENIDA DE LEPANTO N\u00ba 17, con la finalidad de prestarle el servicio solicitado y\/o contratado, realizar la facturaci\u00f3n del mismo.<br> <\/p>\n\n\n\n<p>La base legal para el tratamiento de sus datos es la ejecuci\u00f3n del servicio por usted contratado y\/o solicitado. La oferta prospectiva de productos y servicios est\u00e1 basada en el consentimiento que se le solicita, sin que en ning\u00fan caso la retirada de este consentimiento condicione la ejecuci\u00f3n del contrato.<br><\/p>\n\n\n\n<p>Los datos proporcionados se conservar\u00e1n mientras se mantenga la relaci\u00f3n comercial o durante los a\u00f1os necesarios para cumplir con las obligaciones legales. Los datos no se ceder\u00e1n a terceros salvo en los casos en que exista una obligaci\u00f3n legal.<br> <\/p>\n\n\n\n<p>Usted tiene derecho a obtener confirmaci\u00f3n sobre si en FONTANERIA Y SANEAMIENTO GRILLO, S.L. estamos tratando sus datos personales y por tanto tiene derecho a ejercer sus derechos de acceso, rectificaci\u00f3n, limitaci\u00f3n del tratamiento, portabilidad, oposici\u00f3n al tratamiento y supresi\u00f3n de sus datos mediante escrito dirigido a la direcci\u00f3n postal arriba mencionada o electr\u00f3nica fontaneriagrillo@mifontaneria.es, adjuntando copia del DNI en ambos casos, as\u00ed como el derecho a presentar una reclamaci\u00f3n ante la Autoridad de Control (aepd.es)<\/p>\n\n\n\n<p><br><\/p>\n","protected":false},"excerpt":{"rendered":"<p>En cumplimiento del Reglamento General de Protecci\u00f3n de Datos (UE) 2016\/679 del Parlamento Europeo y del Consejo de 27 de abril de 2016 y la ley org\u00e1nica 3\/2018 de 5 de diciembre de Protecci\u00f3n de Datos Personales yde Garant\u00eda de los Derechos Digitales le informamos que los datos por Vd. proporcionados ser\u00e1n objeto de tratamiento [&hellip;]<\/p>\n","protected":false},"author":1,"featured_media":0,"parent":2,"menu_order":0,"comment_status":"closed","ping_status":"closed","template":"","meta":{"_genesis_hide_title":false,"_genesis_hide_breadcrumbs":false,"_genesis_hide_singular_image":false,"_genesis_hide_footer_widgets":false,"_genesis_custom_body_class":"","_genesis_custom_post_class":"","_genesis_layout":"","jetpack_post_was_ever_published":false,"footnotes":""},"aioseo_notices":[],"jetpack_sharing_enabled":false,"jetpack-related-posts":[{"id":2268,"url":"https:\/\/mi-fontaneria.es\/blog\/aviso-legal\/clausula-para-presupuestos\/","url_meta":{"origin":2258,"position":0},"title":"Clausula para Presupuestos","author":"Grillo - Mifontaneria","date":"20 junio, 2019","format":false,"excerpt":"En cumplimiento del Reglamento General de Protecci\u00f3n de Datos (UE) 2016\/679 del Parlamento Europeo y del Consejo de 27 de abril de 2016 y la ley org\u00e1nica 3\/2018 de 5 de diciembre de Protecci\u00f3n de Datos Personales yde Garant\u00eda de los Derechos Digitales le informamos que los datos por Vd.\u2026","rel":"","context":"Entrada similar","block_context":{"text":"Entrada similar","link":""},"img":{"alt_text":"","src":"","width":0,"height":0},"classes":[]},{"id":799,"url":"https:\/\/mi-fontaneria.es\/blog\/aviso-legal\/politica-de-cookies\/","url_meta":{"origin":2258,"position":1},"title":"Pol\u00edtica de Cookies","author":"Grillo - Mifontaneria","date":"17 diciembre, 2013","format":false,"excerpt":"Est\u00e1 pol\u00edtica de cookies elaborada por Fontaner\u00eda y Saneamientos Grillo tiene como fin el informarle del uso que hacemos de las cookies en nuestros sitios: www.mi-fontaneria.es y www.mi-fontaneria.es\/blog\/ \u00bfQu\u00e9 es una cookie? Una Cookies es un peque\u00f1o archivo que nuestra, o cualquier otra web (la mayor\u00eda de las p\u00e1ginas web\u2026","rel":"","context":"Entrada similar","block_context":{"text":"Entrada similar","link":""},"img":{"alt_text":"","src":"","width":0,"height":0},"classes":[]},{"id":2271,"url":"https:\/\/mi-fontaneria.es\/blog\/aviso-legal\/registro\/","url_meta":{"origin":2258,"position":2},"title":"Registro","author":"Grillo - Mifontaneria","date":"24 junio, 2019","format":false,"excerpt":"Puede registrarse como cliente en nuestra tienda en l\u00ednea de dos diferentes maneras. -1). La primera de ellas, en cualquier momento, y sin que este registro como cliente vaya asociado a ning\u00fan pedido concreto. -2). Adem\u00e1s puede hacerlo en el mismo momento en el que tramita su primer pedido. Veamos\u2026","rel":"","context":"Entrada similar","block_context":{"text":"Entrada similar","link":""},"img":{"alt_text":"","src":"","width":0,"height":0},"classes":[]},{"id":2,"url":"https:\/\/mi-fontaneria.es\/blog\/aviso-legal\/","url_meta":{"origin":2258,"position":3},"title":"Aviso Legal","author":"Grillo - Mifontaneria","date":"9 octubre, 2012","format":false,"excerpt":"1.1.\u00a0www.mi-fontaneria.es\/blog\u00a0se libera expresamente de toda responsabilidad legal por cualquier da\u00f1o, p\u00e9rdida o lesi\u00f3n como resultado de las actividades de cualquier visitante del Sitio y el uso que le puedan dar a su contenido. 1.2.\u00a0www.mi-fontaneria.es\/blog\u00a0contiene enlaces externos a p\u00e1ginas de otros lectores\/usuarios\/anunciantes y no se hace responsable de sus pr\u00e1cticas en\u2026","rel":"","context":"Entrada similar","block_context":{"text":"Entrada similar","link":""},"img":{"alt_text":"","src":"","width":0,"height":0},"classes":[]},{"id":2384,"url":"https:\/\/mi-fontaneria.es\/blog\/","url_meta":{"origin":2258,"position":4},"title":"Inicio","author":"Grillo - Mifontaneria","date":"29 abril, 2021","format":false,"excerpt":"Este es un blog dedicado al mundo de la fontaner\u00eda por Fontaner\u00eda y Saenamientos Grillo, S.L. una empresa familiar afincada en Mairena del Alcor, Sevilla. En el mismo intentamos aclarar cuestiones relacionadas con los productos que comercializamos en nuestra tienda online: mi-fontaneria.es adem\u00e1s de presentar novedades e informar sobre dudas\u2026","rel":"","context":"Entrada similar","block_context":{"text":"Entrada similar","link":""},"img":{"alt_text":"Fachada Tienda f\u00edsica Fontaner\u00eda y Saneamientos Grillo","src":"https:\/\/i0.wp.com\/mi-fontaneria.es\/blog\/wp-content\/uploads\/2019\/09\/Fachada-Fontaneria-Grillo.jpg?resize=350%2C200&ssl=1","width":350,"height":200,"srcset":"https:\/\/i0.wp.com\/mi-fontaneria.es\/blog\/wp-content\/uploads\/2019\/09\/Fachada-Fontaneria-Grillo.jpg?resize=350%2C200&ssl=1 1x, https:\/\/i0.wp.com\/mi-fontaneria.es\/blog\/wp-content\/uploads\/2019\/09\/Fachada-Fontaneria-Grillo.jpg?resize=525%2C300&ssl=1 1.5x"},"classes":[]}],"_links":{"self":[{"href":"https:\/\/mi-fontaneria.es\/blog\/wp-json\/wp\/v2\/pages\/2258"}],"collection":[{"href":"https:\/\/mi-fontaneria.es\/blog\/wp-json\/wp\/v2\/pages"}],"about":[{"href":"https:\/\/mi-fontaneria.es\/blog\/wp-json\/wp\/v2\/types\/page"}],"author":[{"embeddable":true,"href":"https:\/\/mi-fontaneria.es\/blog\/wp-json\/wp\/v2\/users\/1"}],"replies":[{"embeddable":true,"href":"https:\/\/mi-fontaneria.es\/blog\/wp-json\/wp\/v2\/comments?post=2258"}],"version-history":[{"count":5,"href":"https:\/\/mi-fontaneria.es\/blog\/wp-json\/wp\/v2\/pages\/2258\/revisions"}],"predecessor-version":[{"id":2263,"href":"https:\/\/mi-fontaneria.es\/blog\/wp-json\/wp\/v2\/pages\/2258\/revisions\/2263"}],"up":[{"embeddable":true,"href":"https:\/\/mi-fontaneria.es\/blog\/wp-json\/wp\/v2\/pages\/2"}],"wp:attachment":[{"href":"https:\/\/mi-fontaneria.es\/blog\/wp-json\/wp\/v2\/media?parent=2258"}],"curies":[{"name":"wp","href":"https:\/\/api.w.org\/{rel}","templated":true}]}}