{"id":2384,"date":"2021-04-29T06:05:49","date_gmt":"2021-04-29T06:05:49","guid":{"rendered":"https:\/\/mi-fontaneria.es\/blog\/?page_id=2384"},"modified":"2023-08-17T08:42:40","modified_gmt":"2023-08-17T08:42:40","slug":"inicio","status":"publish","type":"page","link":"https:\/\/mi-fontaneria.es\/blog\/","title":{"rendered":"Inicio"},"content":{"rendered":"\n<div class=\"wp-block-group is-layout-flow wp-block-group-is-layout-flow\"><div class=\"wp-block-group__inner-container\">\n<p>Este es un blog dedicado al mundo de la fontaner\u00eda por Fontaner\u00eda y Saenamientos Grillo, S.L. una empresa familiar afincada en Mairena del Alcor, Sevilla.<\/p>\n\n\n\n<p>En el mismo intentamos aclarar cuestiones relacionadas con los productos que comercializamos en nuestra tienda online: <a href=\"https:\/\/mi-fontaneria.es\/\" target=\"_blank\" rel=\"noreferrer noopener\">mi-fontaneria.es<\/a>  adem\u00e1s de presentar novedades e informar sobre dudas habituales que nos plantean nuestros clientes.<\/p>\n\n\n\n<p><\/p>\n<\/div><\/div>\n\n\n\n<div class=\"wp-block-buttons is-horizontal is-content-justification-center is-layout-flex wp-container-core-buttons-layout-1 wp-block-buttons-is-layout-flex\">\n<div class=\"wp-block-button has-custom-width wp-block-button__width-50 is-style-outline\"><a class=\"wp-block-button__link has-vivid-cyan-blue-color has-white-background-color has-text-color has-background wp-element-button\" href=\"https:\/\/mi-fontaneria.es\/blog\/indice\/\" style=\"border-radius:15px\"><strong>Visite el \u00edndice del blog, haciendo clic aqu\u00ed.<\/strong><\/a><\/div>\n<\/div>\n\n\n\n<hr class=\"wp-block-separator has-css-opacity\"\/>\n\n\n\n<div class=\"wp-block-columns is-layout-flex wp-container-core-columns-layout-1 wp-block-columns-is-layout-flex\">\n<div class=\"wp-block-column is-layout-flow wp-block-column-is-layout-flow\">\n<p><\/p>\n\n\n\n<p>F\u00edsicamente estamos en la Avenida de Lepanto, 17. en Mairena del Alcor, donde atendemos a nuestros clientes desde hace m\u00e1s de 4 d\u00e9cadas.<\/p>\n<\/div>\n\n\n\n<div class=\"wp-block-column is-layout-flow wp-block-column-is-layout-flow\">\n<div class=\"wp-block-jetpack-slideshow aligncenter\" data-effect=\"slide\"><div class=\"wp-block-jetpack-slideshow_container swiper-container\"><ul class=\"wp-block-jetpack-slideshow_swiper-wrapper swiper-wrapper\"><li class=\"wp-block-jetpack-slideshow_slide swiper-slide\"><figure><img loading=\"lazy\" decoding=\"async\" width=\"620\" height=\"349\" alt=\"Fachada Tienda f\u00edsica Fontaner\u00eda y Saneamientos Grillo\" class=\"wp-block-jetpack-slideshow_image wp-image-2336\" data-id=\"2336\" src=\"https:\/\/mi-fontaneria.es\/blog\/wp-content\/uploads\/2019\/09\/Fachada-Fontaneria-Grillo.jpg\" srcset=\"https:\/\/mi-fontaneria.es\/blog\/wp-content\/uploads\/2019\/09\/Fachada-Fontaneria-Grillo.jpg 620w, https:\/\/mi-fontaneria.es\/blog\/wp-content\/uploads\/2019\/09\/Fachada-Fontaneria-Grillo-300x169.jpg 300w\" sizes=\"(max-width: 620px) 100vw, 620px\" \/><\/figure><\/li><li class=\"wp-block-jetpack-slideshow_slide swiper-slide\"><figure><img loading=\"lazy\" decoding=\"async\" width=\"620\" height=\"470\" alt=\"\" class=\"wp-block-jetpack-slideshow_image wp-image-2329\" data-id=\"2329\" src=\"https:\/\/mi-fontaneria.es\/blog\/wp-content\/uploads\/2019\/09\/Zona-Mostrador.jpg\" srcset=\"https:\/\/mi-fontaneria.es\/blog\/wp-content\/uploads\/2019\/09\/Zona-Mostrador.jpg 620w, https:\/\/mi-fontaneria.es\/blog\/wp-content\/uploads\/2019\/09\/Zona-Mostrador-300x227.jpg 300w\" sizes=\"(max-width: 620px) 100vw, 620px\" \/><\/figure><\/li><li class=\"wp-block-jetpack-slideshow_slide swiper-slide\"><figure><img loading=\"lazy\" decoding=\"async\" width=\"620\" height=\"497\" alt=\"\" class=\"wp-block-jetpack-slideshow_image wp-image-2327\" data-id=\"2327\" src=\"https:\/\/mi-fontaneria.es\/blog\/wp-content\/uploads\/2019\/09\/Estanter\u00edas-Tubos.jpg\" srcset=\"https:\/\/mi-fontaneria.es\/blog\/wp-content\/uploads\/2019\/09\/Estanter\u00edas-Tubos.jpg 620w, https:\/\/mi-fontaneria.es\/blog\/wp-content\/uploads\/2019\/09\/Estanter\u00edas-Tubos-300x240.jpg 300w\" sizes=\"(max-width: 620px) 100vw, 620px\" \/><\/figure><\/li><li class=\"wp-block-jetpack-slideshow_slide swiper-slide\"><figure><img loading=\"lazy\" decoding=\"async\" width=\"601\" height=\"470\" alt=\"\" class=\"wp-block-jetpack-slideshow_image wp-image-2318\" data-id=\"2318\" src=\"https:\/\/mi-fontaneria.es\/blog\/wp-content\/uploads\/2019\/09\/Pasillo-familia-hierro-galvanizado.jpg\" srcset=\"https:\/\/mi-fontaneria.es\/blog\/wp-content\/uploads\/2019\/09\/Pasillo-familia-hierro-galvanizado.jpg 601w, https:\/\/mi-fontaneria.es\/blog\/wp-content\/uploads\/2019\/09\/Pasillo-familia-hierro-galvanizado-300x235.jpg 300w\" sizes=\"(max-width: 601px) 100vw, 601px\" \/><\/figure><\/li><li class=\"wp-block-jetpack-slideshow_slide swiper-slide\"><figure><img loading=\"lazy\" decoding=\"async\" width=\"620\" height=\"465\" alt=\"\" class=\"wp-block-jetpack-slideshow_image wp-image-2324\" data-id=\"2324\" src=\"https:\/\/mi-fontaneria.es\/blog\/wp-content\/uploads\/2019\/09\/Estanter\u00edas-Bombas.jpg\" srcset=\"https:\/\/mi-fontaneria.es\/blog\/wp-content\/uploads\/2019\/09\/Estanter\u00edas-Bombas.jpg 620w, https:\/\/mi-fontaneria.es\/blog\/wp-content\/uploads\/2019\/09\/Estanter\u00edas-Bombas-300x225.jpg 300w\" sizes=\"(max-width: 620px) 100vw, 620px\" \/><\/figure><\/li><li class=\"wp-block-jetpack-slideshow_slide swiper-slide\"><figure><img loading=\"lazy\" decoding=\"async\" width=\"620\" height=\"481\" alt=\"\" class=\"wp-block-jetpack-slideshow_image wp-image-2330\" data-id=\"2330\" src=\"https:\/\/mi-fontaneria.es\/blog\/wp-content\/uploads\/2019\/09\/Zona-Mostrador-1.jpg\" srcset=\"https:\/\/mi-fontaneria.es\/blog\/wp-content\/uploads\/2019\/09\/Zona-Mostrador-1.jpg 620w, https:\/\/mi-fontaneria.es\/blog\/wp-content\/uploads\/2019\/09\/Zona-Mostrador-1-300x233.jpg 300w\" sizes=\"(max-width: 620px) 100vw, 620px\" \/><\/figure><\/li><\/ul><a class=\"wp-block-jetpack-slideshow_button-prev swiper-button-prev swiper-button-white\" role=\"button\"><\/a><a class=\"wp-block-jetpack-slideshow_button-next swiper-button-next swiper-button-white\" role=\"button\"><\/a><a aria-label=\"Pause Slideshow\" class=\"wp-block-jetpack-slideshow_button-pause\" role=\"button\"><\/a><div class=\"wp-block-jetpack-slideshow_pagination swiper-pagination swiper-pagination-white\"><\/div><\/div><\/div>\n<\/div>\n<\/div>\n\n\n\n<ul class=\"wp-block-social-links aligncenter is-style-default is-layout-flex wp-block-social-links-is-layout-flex\"><li class=\"wp-social-link wp-social-link-youtube  wp-block-social-link\"><a href=\"https:\/\/www.youtube.com\/channel\/UC1cFchItpL7OM_NrfwcUQ9w\" class=\"wp-block-social-link-anchor\"><svg width=\"24\" height=\"24\" viewBox=\"0 0 24 24\" version=\"1.1\" xmlns=\"http:\/\/www.w3.org\/2000\/svg\" aria-hidden=\"true\" focusable=\"false\"><path d=\"M21.8,8.001c0,0-0.195-1.378-0.795-1.985c-0.76-0.797-1.613-0.801-2.004-0.847c-2.799-0.202-6.997-0.202-6.997-0.202 h-0.009c0,0-4.198,0-6.997,0.202C4.608,5.216,3.756,5.22,2.995,6.016C2.395,6.623,2.2,8.001,2.2,8.001S2,9.62,2,11.238v1.517 c0,1.618,0.2,3.237,0.2,3.237s0.195,1.378,0.795,1.985c0.761,0.797,1.76,0.771,2.205,0.855c1.6,0.153,6.8,0.201,6.8,0.201 s4.203-0.006,7.001-0.209c0.391-0.047,1.243-0.051,2.004-0.847c0.6-0.607,0.795-1.985,0.795-1.985s0.2-1.618,0.2-3.237v-1.517 C22,9.62,21.8,8.001,21.8,8.001z M9.935,14.594l-0.001-5.62l5.404,2.82L9.935,14.594z\"><\/path><\/svg><span class=\"wp-block-social-link-label screen-reader-text\">YouTube<\/span><\/a><\/li>\n\n<li class=\"wp-social-link wp-social-link-pinterest  wp-block-social-link\"><a href=\"https:\/\/www.pinterest.es\/mifontaneria\/\" class=\"wp-block-social-link-anchor\"><svg width=\"24\" height=\"24\" viewBox=\"0 0 24 24\" version=\"1.1\" xmlns=\"http:\/\/www.w3.org\/2000\/svg\" aria-hidden=\"true\" focusable=\"false\"><path d=\"M12.289,2C6.617,2,3.606,5.648,3.606,9.622c0,1.846,1.025,4.146,2.666,4.878c0.25,0.111,0.381,0.063,0.439-0.169 c0.044-0.175,0.267-1.029,0.365-1.428c0.032-0.128,0.017-0.237-0.091-0.362C6.445,11.911,6.01,10.75,6.01,9.668 c0-2.777,2.194-5.464,5.933-5.464c3.23,0,5.49,2.108,5.49,5.122c0,3.407-1.794,5.768-4.13,5.768c-1.291,0-2.257-1.021-1.948-2.277 c0.372-1.495,1.089-3.112,1.089-4.191c0-0.967-0.542-1.775-1.663-1.775c-1.319,0-2.379,1.309-2.379,3.059 c0,1.115,0.394,1.869,0.394,1.869s-1.302,5.279-1.54,6.261c-0.405,1.666,0.053,4.368,0.094,4.604 c0.021,0.126,0.167,0.169,0.25,0.063c0.129-0.165,1.699-2.419,2.142-4.051c0.158-0.59,0.817-2.995,0.817-2.995 c0.43,0.784,1.681,1.446,3.013,1.446c3.963,0,6.822-3.494,6.822-7.833C20.394,5.112,16.849,2,12.289,2\"><\/path><\/svg><span class=\"wp-block-social-link-label screen-reader-text\">Pinterest<\/span><\/a><\/li>\n\n<li class=\"wp-social-link wp-social-link-instagram  wp-block-social-link\"><a href=\"https:\/\/www.instagram.com\/mifontaneria\/\" class=\"wp-block-social-link-anchor\"><svg width=\"24\" height=\"24\" viewBox=\"0 0 24 24\" version=\"1.1\" xmlns=\"http:\/\/www.w3.org\/2000\/svg\" aria-hidden=\"true\" focusable=\"false\"><path d=\"M12,4.622c2.403,0,2.688,0.009,3.637,0.052c0.877,0.04,1.354,0.187,1.671,0.31c0.42,0.163,0.72,0.358,1.035,0.673 c0.315,0.315,0.51,0.615,0.673,1.035c0.123,0.317,0.27,0.794,0.31,1.671c0.043,0.949,0.052,1.234,0.052,3.637 s-0.009,2.688-0.052,3.637c-0.04,0.877-0.187,1.354-0.31,1.671c-0.163,0.42-0.358,0.72-0.673,1.035 c-0.315,0.315-0.615,0.51-1.035,0.673c-0.317,0.123-0.794,0.27-1.671,0.31c-0.949,0.043-1.233,0.052-3.637,0.052 s-2.688-0.009-3.637-0.052c-0.877-0.04-1.354-0.187-1.671-0.31c-0.42-0.163-0.72-0.358-1.035-0.673 c-0.315-0.315-0.51-0.615-0.673-1.035c-0.123-0.317-0.27-0.794-0.31-1.671C4.631,14.688,4.622,14.403,4.622,12 s0.009-2.688,0.052-3.637c0.04-0.877,0.187-1.354,0.31-1.671c0.163-0.42,0.358-0.72,0.673-1.035 c0.315-0.315,0.615-0.51,1.035-0.673c0.317-0.123,0.794-0.27,1.671-0.31C9.312,4.631,9.597,4.622,12,4.622 M12,3 C9.556,3,9.249,3.01,8.289,3.054C7.331,3.098,6.677,3.25,6.105,3.472C5.513,3.702,5.011,4.01,4.511,4.511 c-0.5,0.5-0.808,1.002-1.038,1.594C3.25,6.677,3.098,7.331,3.054,8.289C3.01,9.249,3,9.556,3,12c0,2.444,0.01,2.751,0.054,3.711 c0.044,0.958,0.196,1.612,0.418,2.185c0.23,0.592,0.538,1.094,1.038,1.594c0.5,0.5,1.002,0.808,1.594,1.038 c0.572,0.222,1.227,0.375,2.185,0.418C9.249,20.99,9.556,21,12,21s2.751-0.01,3.711-0.054c0.958-0.044,1.612-0.196,2.185-0.418 c0.592-0.23,1.094-0.538,1.594-1.038c0.5-0.5,0.808-1.002,1.038-1.594c0.222-0.572,0.375-1.227,0.418-2.185 C20.99,14.751,21,14.444,21,12s-0.01-2.751-0.054-3.711c-0.044-0.958-0.196-1.612-0.418-2.185c-0.23-0.592-0.538-1.094-1.038-1.594 c-0.5-0.5-1.002-0.808-1.594-1.038c-0.572-0.222-1.227-0.375-2.185-0.418C14.751,3.01,14.444,3,12,3L12,3z M12,7.378 c-2.552,0-4.622,2.069-4.622,4.622S9.448,16.622,12,16.622s4.622-2.069,4.622-4.622S14.552,7.378,12,7.378z M12,15 c-1.657,0-3-1.343-3-3s1.343-3,3-3s3,1.343,3,3S13.657,15,12,15z M16.804,6.116c-0.596,0-1.08,0.484-1.08,1.08 s0.484,1.08,1.08,1.08c0.596,0,1.08-0.484,1.08-1.08S17.401,6.116,16.804,6.116z\"><\/path><\/svg><span class=\"wp-block-social-link-label screen-reader-text\">Instagram<\/span><\/a><\/li>\n\n<li class=\"wp-social-link wp-social-link-facebook  wp-block-social-link\"><a href=\"https:\/\/www.facebook.com\/mifontaneria\" class=\"wp-block-social-link-anchor\"><svg width=\"24\" height=\"24\" viewBox=\"0 0 24 24\" version=\"1.1\" xmlns=\"http:\/\/www.w3.org\/2000\/svg\" aria-hidden=\"true\" focusable=\"false\"><path d=\"M12 2C6.5 2 2 6.5 2 12c0 5 3.7 9.1 8.4 9.9v-7H7.9V12h2.5V9.8c0-2.5 1.5-3.9 3.8-3.9 1.1 0 2.2.2 2.2.2v2.5h-1.3c-1.2 0-1.6.8-1.6 1.6V12h2.8l-.4 2.9h-2.3v7C18.3 21.1 22 17 22 12c0-5.5-4.5-10-10-10z\"><\/path><\/svg><span class=\"wp-block-social-link-label screen-reader-text\">Facebook<\/span><\/a><\/li><\/ul>\n\n\n\n<p><strong>\u00daltimas entradas:<\/strong><\/p>\n\n\n<ul class=\"wp-block-latest-posts__list wp-block-latest-posts\"><li><a class=\"wp-block-latest-posts__post-title\" href=\"https:\/\/mi-fontaneria.es\/blog\/inversor-30a525080509-apto-grifo-roca-victoria-ano-2002\/\">\u00bfEl inversor 30A525080509 es apto para un Grifo ROCA VICTORIA DEL A\u00d1O 2002?<\/a><\/li>\n<li><a class=\"wp-block-latest-posts__post-title\" href=\"https:\/\/mi-fontaneria.es\/blog\/cambios-en-los-asientos-y-tapas-de-inodoro-roca-victoria\/\">Cambios en los Asientos y Tapas de Inodoro Roca Victoria<\/a><\/li>\n<li><a class=\"wp-block-latest-posts__post-title\" href=\"https:\/\/mi-fontaneria.es\/blog\/envejecer-o-ennegrecer-tubos-de-hierro-galvanizado\/\">Envejecer o ennegrecer Tubos de Hierro Galvanizado<\/a><\/li>\n<li><a class=\"wp-block-latest-posts__post-title\" href=\"https:\/\/mi-fontaneria.es\/blog\/guia-para-elegir-una-cisterna-empotrada-geberit\/\">Gu\u00eda para elegir una Cisterna Empotrada Geberit<\/a><\/li>\n<li><a class=\"wp-block-latest-posts__post-title\" href=\"https:\/\/mi-fontaneria.es\/blog\/problemas-agua-piscina\/\">Problemas habituales con el agua de la Piscina<\/a><\/li>\n<\/ul>","protected":false},"excerpt":{"rendered":"<p>Este es un blog dedicado al mundo de la fontaner\u00eda por Fontaner\u00eda y Saenamientos Grillo, S.L. una empresa familiar afincada en Mairena del Alcor, Sevilla. En el mismo intentamos aclarar cuestiones relacionadas con los productos que comercializamos en nuestra tienda online: mi-fontaneria.es adem\u00e1s de presentar novedades e informar sobre dudas habituales que nos plantean nuestros [&hellip;]<\/p>\n","protected":false},"author":1,"featured_media":0,"parent":0,"menu_order":0,"comment_status":"closed","ping_status":"closed","template":"","meta":{"_genesis_hide_title":false,"_genesis_hide_breadcrumbs":false,"_genesis_hide_singular_image":false,"_genesis_hide_footer_widgets":false,"_genesis_custom_body_class":"","_genesis_custom_post_class":"","_genesis_layout":"","jetpack_post_was_ever_published":false,"footnotes":""},"aioseo_notices":[],"jetpack_sharing_enabled":true,"jetpack-related-posts":[{"id":2316,"url":"https:\/\/mi-fontaneria.es\/blog\/nuestras-instalaciones\/","url_meta":{"origin":2384,"position":0},"title":"Nuestras instalaciones","author":"Grillo - Mifontaneria","date":"4 septiembre, 2019","format":false,"excerpt":"Una imagen vale m\u00e1s que mil palabras, o eso dicen; por eso queremos que nos conozca no s\u00f3lo por lo que decimos de nosotros mismos, sino tambi\u00e9n por nuestras imagenes, que esperamos le sirvan para hacerse con una idea clara de qui\u00e9n es y qu\u00e9 es Fontaneria y Saneamientos Grillo,\u2026","rel":"","context":"Entrada similar","block_context":{"text":"Entrada similar","link":""},"img":{"alt_text":"Fachada Tienda f\u00edsica Fontaner\u00eda y Saneamientos Grillo","src":"https:\/\/i0.wp.com\/mi-fontaneria.es\/blog\/wp-content\/uploads\/2019\/09\/Fachada-Fontaneria-Grillo.jpg?resize=350%2C200&ssl=1","width":350,"height":200,"srcset":"https:\/\/i0.wp.com\/mi-fontaneria.es\/blog\/wp-content\/uploads\/2019\/09\/Fachada-Fontaneria-Grillo.jpg?resize=350%2C200&ssl=1 1x, https:\/\/i0.wp.com\/mi-fontaneria.es\/blog\/wp-content\/uploads\/2019\/09\/Fachada-Fontaneria-Grillo.jpg?resize=525%2C300&ssl=1 1.5x"},"classes":[]},{"id":170,"url":"https:\/\/mi-fontaneria.es\/blog\/indice\/","url_meta":{"origin":2384,"position":1},"title":"Indice de Entradas","author":"Grillo - Mifontaneria","date":"26 julio, 2012","format":false,"excerpt":"Modelos de Sanitario: Versiones del Modelo Dama. El IN-TANK Meridian. \u00bfDe qu\u00e9 marca y modelo es mi inodoro? Repuestos para Sanitarios: Para Roca: Mecanismos de descarga. Varios. Tapas y Asientos.\u00a0Varios. Pulsadores y tiradores. Varios Mecanismos de Alimentaci\u00f3n.\u00a0Varios. Para Wirquin: Descarga \u00a0universal MW2-PRO Sustituci\u00f3n de la goma obturadora. Para Geberit: \u00a0\u00a0Mecanismos\u2026","rel":"","context":"Entrada similar","block_context":{"text":"Entrada similar","link":""},"img":{"alt_text":"","src":"","width":0,"height":0},"classes":[]},{"id":282,"url":"https:\/\/mi-fontaneria.es\/blog\/indice\/calculos\/","url_meta":{"origin":2384,"position":2},"title":"C\u00e1lculos","author":"Grillo - Mifontaneria","date":"30 octubre, 2012","format":false,"excerpt":"1.) C\u00e1lculo bomba y filtro para la piscina Uno de los c\u00e1lculos que con m\u00e1s frecuencia hacemos en fontaner\u00eda, sobre todo cuando se acerca el calor, es el de la bomba y el filtro adecuados para la depuraci\u00f3n del agua de una piscina. 2.) C\u00e1lculo volumen de agua en una\u2026","rel":"","context":"Entrada similar","block_context":{"text":"Entrada similar","link":""},"img":{"alt_text":"","src":"https:\/\/i0.wp.com\/mi-fontaneria.es\/blog\/wp-content\/uploads\/2012\/10\/Filtro-piscina-280x300.jpg?resize=350%2C200&ssl=1","width":350,"height":200},"classes":[]},{"id":2268,"url":"https:\/\/mi-fontaneria.es\/blog\/aviso-legal\/clausula-para-presupuestos\/","url_meta":{"origin":2384,"position":3},"title":"Clausula para Presupuestos","author":"Grillo - Mifontaneria","date":"20 junio, 2019","format":false,"excerpt":"En cumplimiento del Reglamento General de Protecci\u00f3n de Datos (UE) 2016\/679 del Parlamento Europeo y del Consejo de 27 de abril de 2016 y la ley org\u00e1nica 3\/2018 de 5 de diciembre de Protecci\u00f3n de Datos Personales yde Garant\u00eda de los Derechos Digitales le informamos que los datos por Vd.\u2026","rel":"","context":"Entrada similar","block_context":{"text":"Entrada similar","link":""},"img":{"alt_text":"","src":"","width":0,"height":0},"classes":[]},{"id":2258,"url":"https:\/\/mi-fontaneria.es\/blog\/aviso-legal\/clausula-informativa-para-clientes-facturacion\/","url_meta":{"origin":2384,"position":4},"title":"Clausula informativa para clientes (Facturaci\u00f3n)","author":"Grillo - Mifontaneria","date":"20 junio, 2019","format":false,"excerpt":"En cumplimiento del Reglamento General de Protecci\u00f3n de Datos (UE) 2016\/679 del Parlamento Europeo y del Consejo de 27 de abril de 2016 y la ley org\u00e1nica 3\/2018 de 5 de diciembre de Protecci\u00f3n de Datos Personales yde Garant\u00eda de los Derechos Digitales le informamos que los datos por Vd.\u2026","rel":"","context":"Entrada similar","block_context":{"text":"Entrada similar","link":""},"img":{"alt_text":"","src":"","width":0,"height":0},"classes":[]},{"id":2177,"url":"https:\/\/mi-fontaneria.es\/blog\/usuarios\/","url_meta":{"origin":2384,"position":5},"title":"Usuarios","author":"Grillo - Mifontaneria","date":"20 febrero, 2019","format":false,"excerpt":"","rel":"","context":"Entrada similar","block_context":{"text":"Entrada similar","link":""},"img":{"alt_text":"","src":"","width":0,"height":0},"classes":[]}],"_links":{"self":[{"href":"https:\/\/mi-fontaneria.es\/blog\/wp-json\/wp\/v2\/pages\/2384"}],"collection":[{"href":"https:\/\/mi-fontaneria.es\/blog\/wp-json\/wp\/v2\/pages"}],"about":[{"href":"https:\/\/mi-fontaneria.es\/blog\/wp-json\/wp\/v2\/types\/page"}],"author":[{"embeddable":true,"href":"https:\/\/mi-fontaneria.es\/blog\/wp-json\/wp\/v2\/users\/1"}],"replies":[{"embeddable":true,"href":"https:\/\/mi-fontaneria.es\/blog\/wp-json\/wp\/v2\/comments?post=2384"}],"version-history":[{"count":17,"href":"https:\/\/mi-fontaneria.es\/blog\/wp-json\/wp\/v2\/pages\/2384\/revisions"}],"predecessor-version":[{"id":2465,"href":"https:\/\/mi-fontaneria.es\/blog\/wp-json\/wp\/v2\/pages\/2384\/revisions\/2465"}],"wp:attachment":[{"href":"https:\/\/mi-fontaneria.es\/blog\/wp-json\/wp\/v2\/media?parent=2384"}],"curies":[{"name":"wp","href":"https:\/\/api.w.org\/{rel}","templated":true}]}}