{"id":461,"date":"2013-01-28T16:19:01","date_gmt":"2013-01-28T16:19:01","guid":{"rendered":"https:\/\/mi-fontaneria.es\/blog\/?page_id=461"},"modified":"2015-01-29T13:40:43","modified_gmt":"2015-01-29T13:40:43","slug":"repuestos-wirquin","status":"publish","type":"page","link":"https:\/\/mi-fontaneria.es\/blog\/indice\/repuestos-para-sanitarios\/repuestos-wirquin\/","title":{"rendered":"Repuestos WIRQUIN"},"content":{"rendered":"<p><a href=\"https:\/\/mi-fontaneria.es\/blog\/compatibilidad-roca-wirquing\/\"><img loading=\"lazy\" decoding=\"async\" class=\"aligncenter wp-image-404 size-thumbnail\" src=\"https:\/\/mi-fontaneria.es\/blog\/wp-content\/uploads\/2013\/01\/Mecanismos-descaga-Wirquin-150x150.jpg\" alt=\"Mecanismo WIRQUING MW2-PRO\" width=\"150\" height=\"150\" \/><\/a><\/p>\n<p style=\"text-align: center;\"><a href=\"https:\/\/mi-fontaneria.es\/blog\/compatibilidad-roca-wirquing\/\">Mecanismo de descarga universal MW2-PRO de WIRQUIN<\/a><\/p>\n<p><a href=\"https:\/\/mi-fontaneria.es\/blog\/junta-mecanismo-wirquin-mw2\/\"><img loading=\"lazy\" decoding=\"async\" class=\"aligncenter wp-image-477 size-thumbnail\" src=\"https:\/\/mi-fontaneria.es\/blog\/wp-content\/uploads\/2013\/01\/Goma-obturadora-MW2-150x150.jpg\" alt=\"Goma Obturadora MW2-PRO\" width=\"150\" height=\"150\" srcset=\"https:\/\/mi-fontaneria.es\/blog\/wp-content\/uploads\/2013\/01\/Goma-obturadora-MW2-150x150.jpg 150w, https:\/\/mi-fontaneria.es\/blog\/wp-content\/uploads\/2013\/01\/Goma-obturadora-MW2-300x297.jpg 300w, https:\/\/mi-fontaneria.es\/blog\/wp-content\/uploads\/2013\/01\/Goma-obturadora-MW2-302x300.jpg 302w, https:\/\/mi-fontaneria.es\/blog\/wp-content\/uploads\/2013\/01\/Goma-obturadora-MW2.jpg 406w\" sizes=\"(max-width: 150px) 100vw, 150px\" \/><\/a><\/p>\n<p style=\"text-align: center;\"><a title=\"Sustituci\u00f3n Junta Mecanismo WIRQUIN MW2\" href=\"https:\/\/mi-fontaneria.es\/blog\/junta-mecanismo-wirquin-mw2\/\">Sustituci\u00f3n de la goma obturadora en el MW2-PRO de WIRQUIN<\/a><\/p>\n","protected":false},"excerpt":{"rendered":"<p>Mecanismo de descarga universal MW2-PRO de WIRQUIN Sustituci\u00f3n de la goma obturadora en el MW2-PRO de WIRQUIN<\/p>\n","protected":false},"author":1,"featured_media":0,"parent":176,"menu_order":0,"comment_status":"closed","ping_status":"closed","template":"","meta":{"_genesis_hide_title":false,"_genesis_hide_breadcrumbs":false,"_genesis_hide_singular_image":false,"_genesis_hide_footer_widgets":false,"_genesis_custom_body_class":"","_genesis_custom_post_class":"","_genesis_layout":"content-sidebar","jetpack_post_was_ever_published":false,"footnotes":""},"aioseo_notices":[],"jetpack_sharing_enabled":true,"jetpack-related-posts":[{"id":170,"url":"https:\/\/mi-fontaneria.es\/blog\/indice\/","url_meta":{"origin":461,"position":0},"title":"Indice de Entradas","author":"Grillo - Mifontaneria","date":"26 julio, 2012","format":false,"excerpt":"Modelos de Sanitario: Versiones del Modelo Dama. El IN-TANK Meridian. \u00bfDe qu\u00e9 marca y modelo es mi inodoro? Repuestos para Sanitarios: Para Roca: Mecanismos de descarga. Varios. Tapas y Asientos.\u00a0Varios. Pulsadores y tiradores. Varios Mecanismos de Alimentaci\u00f3n.\u00a0Varios. Para Wirquin: Descarga \u00a0universal MW2-PRO Sustituci\u00f3n de la goma obturadora. Para Geberit: \u00a0\u00a0Mecanismos\u2026","rel":"","context":"Entrada similar","block_context":{"text":"Entrada similar","link":""},"img":{"alt_text":"","src":"","width":0,"height":0},"classes":[]},{"id":776,"url":"https:\/\/mi-fontaneria.es\/blog\/indice\/reparaciones\/","url_meta":{"origin":461,"position":1},"title":"Reparaciones","author":"Grillo - Mifontaneria","date":"15 octubre, 2013","format":false,"excerpt":"Listado de post sobre reparaciones \u00a0 Desconchado en una ba\u00f1era Reparaci\u00f3n m\u00e1s frecuente en un mecanismo de llenado Roca (antig\u00fco) Sustituir goma obturadora en el mecanismo de descarga Wirquin MW2 Sustituir bisagra amortiguada en un inodoro Roca Cambiar la bisagra en un inodoro Roca Dama (Antig\u00fco) Como limpiar un bote\u2026","rel":"","context":"Entrada similar","block_context":{"text":"Entrada similar","link":""},"img":{"alt_text":"","src":"","width":0,"height":0},"classes":[]},{"id":176,"url":"https:\/\/mi-fontaneria.es\/blog\/indice\/repuestos-para-sanitarios\/","url_meta":{"origin":461,"position":2},"title":"Repuestos para Sanitarios","author":"Grillo - Mifontaneria","date":"26 octubre, 2012","format":false,"excerpt":"Indice por fabricante de Repuestos y recambios para Sanitarios. 1. Entradas en el blog que hablan sobre repuestos y recambios ROCA.\u00a0\u00a0 2. Repuestos de ROCA disponibles en nuestra tienda online. \u00a0 1. Entradas en blog que hablan sobre repuestos WIRQUIN. Repuestos WIRQUIN en nuestra tienda online. \u00a0 1. V\u00e1lvulas de\u2026","rel":"","context":"Entrada similar","block_context":{"text":"Entrada similar","link":""},"img":{"alt_text":"","src":"","width":0,"height":0},"classes":[]},{"id":184,"url":"https:\/\/mi-fontaneria.es\/blog\/indice\/repuestos-para-sanitarios\/roca\/mecanismos-de-descarga\/","url_meta":{"origin":461,"position":3},"title":"Mecanismos de Descarga Roca","author":"Grillo - Mifontaneria","date":"26 octubre, 2012","format":false,"excerpt":"\u00a0Mecanismo Roca D2P. Modificaci\u00f3n en la presentaci\u00f3n introducida por el fabricante en 2012. Diferencias entre los mecanismos de descarga Roca D1D y D2D","rel":"","context":"Entrada similar","block_context":{"text":"Entrada similar","link":""},"img":{"alt_text":"","src":"","width":0,"height":0},"classes":[]},{"id":180,"url":"https:\/\/mi-fontaneria.es\/blog\/indice\/repuestos-para-sanitarios\/roca\/","url_meta":{"origin":461,"position":4},"title":"Repuestos Roca","author":"Grillo - Mifontaneria","date":"26 octubre, 2012","format":false,"excerpt":"\u00a0Asientos y Tapas para indoro y bide marca ROCA \u00a0Mecanismo de descarga Roca. \u00a0Pulsadores y Tiradores ROCA en DORADO \u00a0Alimentacion de cisterna A2L de ROCA (Reparaci\u00f3n)","rel":"","context":"Entrada similar","block_context":{"text":"Entrada similar","link":""},"img":{"alt_text":"","src":"","width":0,"height":0},"classes":[]},{"id":535,"url":"https:\/\/mi-fontaneria.es\/blog\/indice\/repuestos-para-sanitarios\/roca\/mecanismos-aliementacion-roca\/","url_meta":{"origin":461,"position":5},"title":"Mecanismos alimentaci\u00f3n ROCA","author":"Grillo - Mifontaneria","date":"26 marzo, 2013","format":false,"excerpt":"\u00a0 Mecanismo de aliementaci\u00f3n de cisterna A2L","rel":"","context":"Entrada similar","block_context":{"text":"Entrada similar","link":""},"img":{"alt_text":"","src":"","width":0,"height":0},"classes":[]}],"_links":{"self":[{"href":"https:\/\/mi-fontaneria.es\/blog\/wp-json\/wp\/v2\/pages\/461"}],"collection":[{"href":"https:\/\/mi-fontaneria.es\/blog\/wp-json\/wp\/v2\/pages"}],"about":[{"href":"https:\/\/mi-fontaneria.es\/blog\/wp-json\/wp\/v2\/types\/page"}],"author":[{"embeddable":true,"href":"https:\/\/mi-fontaneria.es\/blog\/wp-json\/wp\/v2\/users\/1"}],"replies":[{"embeddable":true,"href":"https:\/\/mi-fontaneria.es\/blog\/wp-json\/wp\/v2\/comments?post=461"}],"version-history":[{"count":7,"href":"https:\/\/mi-fontaneria.es\/blog\/wp-json\/wp\/v2\/pages\/461\/revisions"}],"predecessor-version":[{"id":1038,"href":"https:\/\/mi-fontaneria.es\/blog\/wp-json\/wp\/v2\/pages\/461\/revisions\/1038"}],"up":[{"embeddable":true,"href":"https:\/\/mi-fontaneria.es\/blog\/wp-json\/wp\/v2\/pages\/176"}],"wp:attachment":[{"href":"https:\/\/mi-fontaneria.es\/blog\/wp-json\/wp\/v2\/media?parent=461"}],"curies":[{"name":"wp","href":"https:\/\/api.w.org\/{rel}","templated":true}]}}