{"id":505,"date":"2013-02-06T15:45:26","date_gmt":"2013-02-06T15:45:26","guid":{"rendered":"https:\/\/mi-fontaneria.es\/blog\/?page_id=505"},"modified":"2015-01-29T13:40:09","modified_gmt":"2015-01-29T13:40:09","slug":"pulsadores-tiradores-wc-roca","status":"publish","type":"page","link":"https:\/\/mi-fontaneria.es\/blog\/indice\/repuestos-para-sanitarios\/roca\/pulsadores-tiradores-wc-roca\/","title":{"rendered":"Pulsadores y Tiradores para WC ROCA"},"content":{"rendered":"<p><a href=\"https:\/\/mi-fontaneria.es\/blog\/tirador-pulsador-wc-dorado\/\"><img loading=\"lazy\" decoding=\"async\" class=\"size-thumbnail wp-image-495 alignnone\" src=\"https:\/\/mi-fontaneria.es\/blog\/wp-content\/uploads\/2012\/10\/Pulsador-525647100-comparativa-150x150.jpg\" alt=\"Tirador ROCA VICTORIA en DORADO\" width=\"150\" height=\"150\" \/><\/a>\u00a0<a href=\"https:\/\/mi-fontaneria.es\/blog\/tirador-pulsador-wc-dorado\/\">Pulsadores y Tiradores ROCA DORADOS<\/a><\/p>\n<p>&nbsp;<\/p>\n<p>&nbsp;<\/p>\n","protected":false},"excerpt":{"rendered":"<p>\u00a0Pulsadores y Tiradores ROCA DORADOS &nbsp; &nbsp;<\/p>\n","protected":false},"author":1,"featured_media":0,"parent":180,"menu_order":0,"comment_status":"closed","ping_status":"closed","template":"","meta":{"_genesis_hide_title":false,"_genesis_hide_breadcrumbs":false,"_genesis_hide_singular_image":false,"_genesis_hide_footer_widgets":false,"_genesis_custom_body_class":"","_genesis_custom_post_class":"","_genesis_layout":"content-sidebar","jetpack_post_was_ever_published":false,"footnotes":""},"aioseo_notices":[],"jetpack_sharing_enabled":true,"jetpack-related-posts":[{"id":180,"url":"https:\/\/mi-fontaneria.es\/blog\/indice\/repuestos-para-sanitarios\/roca\/","url_meta":{"origin":505,"position":0},"title":"Repuestos Roca","author":"Grillo - Mifontaneria","date":"26 octubre, 2012","format":false,"excerpt":"\u00a0Asientos y Tapas para indoro y bide marca ROCA \u00a0Mecanismo de descarga Roca. \u00a0Pulsadores y Tiradores ROCA en DORADO \u00a0Alimentacion de cisterna A2L de ROCA (Reparaci\u00f3n)","rel":"","context":"Entrada similar","block_context":{"text":"Entrada similar","link":""},"img":{"alt_text":"","src":"","width":0,"height":0},"classes":[]},{"id":170,"url":"https:\/\/mi-fontaneria.es\/blog\/indice\/","url_meta":{"origin":505,"position":1},"title":"Indice de Entradas","author":"Grillo - Mifontaneria","date":"26 julio, 2012","format":false,"excerpt":"Modelos de Sanitario: Versiones del Modelo Dama. El IN-TANK Meridian. \u00bfDe qu\u00e9 marca y modelo es mi inodoro? Repuestos para Sanitarios: Para Roca: Mecanismos de descarga. Varios. Tapas y Asientos.\u00a0Varios. Pulsadores y tiradores. Varios Mecanismos de Alimentaci\u00f3n.\u00a0Varios. Para Wirquin: Descarga \u00a0universal MW2-PRO Sustituci\u00f3n de la goma obturadora. Para Geberit: \u00a0\u00a0Mecanismos\u2026","rel":"","context":"Entrada similar","block_context":{"text":"Entrada similar","link":""},"img":{"alt_text":"","src":"","width":0,"height":0},"classes":[]},{"id":685,"url":"https:\/\/mi-fontaneria.es\/blog\/indice\/sanitarios\/","url_meta":{"origin":505,"position":2},"title":"Sanitarios","author":"Grillo - Mifontaneria","date":"20 septiembre, 2013","format":false,"excerpt":"Art\u00edculos del blog sobre modelos de Sanitarios. 1. Versiones del modelo Dama de Roca. El Dama es uno de los modelos de sanitarios m\u00e1s populares del fabricante ROCA. Sali\u00f3 al mercado hace ya d\u00e9cadas y como es habitual cuando cualquier producto se mantiene por mucho tiempo en el mercado, la\u2026","rel":"","context":"Entrada similar","block_context":{"text":"Entrada similar","link":""},"img":{"alt_text":"","src":"https:\/\/i0.wp.com\/mi-fontaneria.es\/blog\/wp-content\/uploads\/2013\/09\/Inodoro-y-bida-Dama-Retro-224x300.jpg?resize=350%2C200&ssl=1","width":350,"height":200},"classes":[]},{"id":184,"url":"https:\/\/mi-fontaneria.es\/blog\/indice\/repuestos-para-sanitarios\/roca\/mecanismos-de-descarga\/","url_meta":{"origin":505,"position":3},"title":"Mecanismos de Descarga Roca","author":"Grillo - Mifontaneria","date":"26 octubre, 2012","format":false,"excerpt":"\u00a0Mecanismo Roca D2P. Modificaci\u00f3n en la presentaci\u00f3n introducida por el fabricante en 2012. Diferencias entre los mecanismos de descarga Roca D1D y D2D","rel":"","context":"Entrada similar","block_context":{"text":"Entrada similar","link":""},"img":{"alt_text":"","src":"","width":0,"height":0},"classes":[]},{"id":535,"url":"https:\/\/mi-fontaneria.es\/blog\/indice\/repuestos-para-sanitarios\/roca\/mecanismos-aliementacion-roca\/","url_meta":{"origin":505,"position":4},"title":"Mecanismos alimentaci\u00f3n ROCA","author":"Grillo - Mifontaneria","date":"26 marzo, 2013","format":false,"excerpt":"\u00a0 Mecanismo de aliementaci\u00f3n de cisterna A2L","rel":"","context":"Entrada similar","block_context":{"text":"Entrada similar","link":""},"img":{"alt_text":"","src":"","width":0,"height":0},"classes":[]},{"id":190,"url":"https:\/\/mi-fontaneria.es\/blog\/indice\/repuestos-para-sanitarios\/roca\/asientos-y-tapas\/","url_meta":{"origin":505,"position":5},"title":"Asientos y tapas","author":"Grillo - Mifontaneria","date":"26 octubre, 2012","format":false,"excerpt":"Cambios en los Asientos de inodoro Victoria. Supralit \u00a0 \u00a0 \u00a0\u00a0Bisagra m\u00e1s fijaci\u00f3n del asiento Dama. \u00a0 \u00a0 \u00a0 \u00a0 \u00a0 \u00a0 \u00a0 \u00a0 \u00a0 \u00a0 \u00a0 \u00a0 \u00a0 \u00a0 \u00a0 \u00a0\u00a0Bisagra Inodoro ca\u00edda amortiguada varios modelos Roca. \u00bfTapa o asiento de inodoro? \u00a0\u00bfQu\u00e9 bisagra lleva mi inodoro?","rel":"","context":"Entrada similar","block_context":{"text":"Entrada similar","link":""},"img":{"alt_text":"","src":"","width":0,"height":0},"classes":[]}],"_links":{"self":[{"href":"https:\/\/mi-fontaneria.es\/blog\/wp-json\/wp\/v2\/pages\/505"}],"collection":[{"href":"https:\/\/mi-fontaneria.es\/blog\/wp-json\/wp\/v2\/pages"}],"about":[{"href":"https:\/\/mi-fontaneria.es\/blog\/wp-json\/wp\/v2\/types\/page"}],"author":[{"embeddable":true,"href":"https:\/\/mi-fontaneria.es\/blog\/wp-json\/wp\/v2\/users\/1"}],"replies":[{"embeddable":true,"href":"https:\/\/mi-fontaneria.es\/blog\/wp-json\/wp\/v2\/comments?post=505"}],"version-history":[{"count":4,"href":"https:\/\/mi-fontaneria.es\/blog\/wp-json\/wp\/v2\/pages\/505\/revisions"}],"predecessor-version":[{"id":1438,"href":"https:\/\/mi-fontaneria.es\/blog\/wp-json\/wp\/v2\/pages\/505\/revisions\/1438"}],"up":[{"embeddable":true,"href":"https:\/\/mi-fontaneria.es\/blog\/wp-json\/wp\/v2\/pages\/180"}],"wp:attachment":[{"href":"https:\/\/mi-fontaneria.es\/blog\/wp-json\/wp\/v2\/media?parent=505"}],"curies":[{"name":"wp","href":"https:\/\/api.w.org\/{rel}","templated":true}]}}