{"id":535,"date":"2013-03-26T12:50:11","date_gmt":"2013-03-26T12:50:11","guid":{"rendered":"https:\/\/mi-fontaneria.es\/blog\/?page_id=535"},"modified":"2015-01-29T13:39:05","modified_gmt":"2015-01-29T13:39:05","slug":"mecanismos-aliementacion-roca","status":"publish","type":"page","link":"https:\/\/mi-fontaneria.es\/blog\/indice\/repuestos-para-sanitarios\/roca\/mecanismos-aliementacion-roca\/","title":{"rendered":"Mecanismos alimentaci\u00f3n ROCA"},"content":{"rendered":"<p><a href=\"https:\/\/mi-fontaneria.es\/blog\/wp-content\/uploads\/2013\/03\/Mecanismo-Alimentacion-A2L-525643108.jpg\"><img loading=\"lazy\" decoding=\"async\" class=\"alignleft  wp-image-520\" src=\"https:\/\/mi-fontaneria.es\/blog\/wp-content\/uploads\/2013\/03\/Mecanismo-Alimentacion-A2L-525643108-150x150.jpg\" alt=\"Mecanismo alimentacion ROCA A2L\" width=\"105\" height=\"105\" \/><\/a><\/p>\n<p>&nbsp;<\/p>\n<p><a title=\"Reparaci\u00f3n alimentaci\u00f3n cisterna\" href=\"https:\/\/mi-fontaneria.es\/blog\/reparacion-alimentacion-cisterna\/\">Mecanismo de aliementaci\u00f3n de cisterna A2L<\/a><\/p>\n","protected":false},"excerpt":{"rendered":"<p>&nbsp; Mecanismo de aliementaci\u00f3n de cisterna A2L<\/p>\n","protected":false},"author":1,"featured_media":0,"parent":180,"menu_order":0,"comment_status":"closed","ping_status":"closed","template":"","meta":{"_genesis_hide_title":false,"_genesis_hide_breadcrumbs":false,"_genesis_hide_singular_image":false,"_genesis_hide_footer_widgets":false,"_genesis_custom_body_class":"","_genesis_custom_post_class":"","_genesis_layout":"content-sidebar","jetpack_post_was_ever_published":false,"footnotes":""},"aioseo_notices":[],"jetpack_sharing_enabled":true,"jetpack-related-posts":[{"id":180,"url":"https:\/\/mi-fontaneria.es\/blog\/indice\/repuestos-para-sanitarios\/roca\/","url_meta":{"origin":535,"position":0},"title":"Repuestos Roca","author":"Grillo - Mifontaneria","date":"26 octubre, 2012","format":false,"excerpt":"\u00a0Asientos y Tapas para indoro y bide marca ROCA \u00a0Mecanismo de descarga Roca. \u00a0Pulsadores y Tiradores ROCA en DORADO \u00a0Alimentacion de cisterna A2L de ROCA (Reparaci\u00f3n)","rel":"","context":"Entrada similar","block_context":{"text":"Entrada similar","link":""},"img":{"alt_text":"","src":"","width":0,"height":0},"classes":[]},{"id":170,"url":"https:\/\/mi-fontaneria.es\/blog\/indice\/","url_meta":{"origin":535,"position":1},"title":"Indice de Entradas","author":"Grillo - Mifontaneria","date":"26 julio, 2012","format":false,"excerpt":"Modelos de Sanitario: Versiones del Modelo Dama. El IN-TANK Meridian. \u00bfDe qu\u00e9 marca y modelo es mi inodoro? Repuestos para Sanitarios: Para Roca: Mecanismos de descarga. Varios. Tapas y Asientos.\u00a0Varios. Pulsadores y tiradores. Varios Mecanismos de Alimentaci\u00f3n.\u00a0Varios. Para Wirquin: Descarga \u00a0universal MW2-PRO Sustituci\u00f3n de la goma obturadora. Para Geberit: \u00a0\u00a0Mecanismos\u2026","rel":"","context":"Entrada similar","block_context":{"text":"Entrada similar","link":""},"img":{"alt_text":"","src":"","width":0,"height":0},"classes":[]},{"id":184,"url":"https:\/\/mi-fontaneria.es\/blog\/indice\/repuestos-para-sanitarios\/roca\/mecanismos-de-descarga\/","url_meta":{"origin":535,"position":2},"title":"Mecanismos de Descarga Roca","author":"Grillo - Mifontaneria","date":"26 octubre, 2012","format":false,"excerpt":"\u00a0Mecanismo Roca D2P. Modificaci\u00f3n en la presentaci\u00f3n introducida por el fabricante en 2012. Diferencias entre los mecanismos de descarga Roca D1D y D2D","rel":"","context":"Entrada similar","block_context":{"text":"Entrada similar","link":""},"img":{"alt_text":"","src":"","width":0,"height":0},"classes":[]},{"id":776,"url":"https:\/\/mi-fontaneria.es\/blog\/indice\/reparaciones\/","url_meta":{"origin":535,"position":3},"title":"Reparaciones","author":"Grillo - Mifontaneria","date":"15 octubre, 2013","format":false,"excerpt":"Listado de post sobre reparaciones \u00a0 Desconchado en una ba\u00f1era Reparaci\u00f3n m\u00e1s frecuente en un mecanismo de llenado Roca (antig\u00fco) Sustituir goma obturadora en el mecanismo de descarga Wirquin MW2 Sustituir bisagra amortiguada en un inodoro Roca Cambiar la bisagra en un inodoro Roca Dama (Antig\u00fco) Como limpiar un bote\u2026","rel":"","context":"Entrada similar","block_context":{"text":"Entrada similar","link":""},"img":{"alt_text":"","src":"","width":0,"height":0},"classes":[]},{"id":461,"url":"https:\/\/mi-fontaneria.es\/blog\/indice\/repuestos-para-sanitarios\/repuestos-wirquin\/","url_meta":{"origin":535,"position":4},"title":"Repuestos WIRQUIN","author":"Grillo - Mifontaneria","date":"28 enero, 2013","format":false,"excerpt":"Mecanismo de descarga universal MW2-PRO de WIRQUIN Sustituci\u00f3n de la goma obturadora en el MW2-PRO de WIRQUIN","rel":"","context":"Entrada similar","block_context":{"text":"Entrada similar","link":""},"img":{"alt_text":"","src":"","width":0,"height":0},"classes":[]},{"id":505,"url":"https:\/\/mi-fontaneria.es\/blog\/indice\/repuestos-para-sanitarios\/roca\/pulsadores-tiradores-wc-roca\/","url_meta":{"origin":535,"position":5},"title":"Pulsadores y Tiradores para WC ROCA","author":"Grillo - Mifontaneria","date":"6 febrero, 2013","format":false,"excerpt":"\u00a0Pulsadores y Tiradores ROCA DORADOS \u00a0 \u00a0","rel":"","context":"Entrada similar","block_context":{"text":"Entrada similar","link":""},"img":{"alt_text":"","src":"","width":0,"height":0},"classes":[]}],"_links":{"self":[{"href":"https:\/\/mi-fontaneria.es\/blog\/wp-json\/wp\/v2\/pages\/535"}],"collection":[{"href":"https:\/\/mi-fontaneria.es\/blog\/wp-json\/wp\/v2\/pages"}],"about":[{"href":"https:\/\/mi-fontaneria.es\/blog\/wp-json\/wp\/v2\/types\/page"}],"author":[{"embeddable":true,"href":"https:\/\/mi-fontaneria.es\/blog\/wp-json\/wp\/v2\/users\/1"}],"replies":[{"embeddable":true,"href":"https:\/\/mi-fontaneria.es\/blog\/wp-json\/wp\/v2\/comments?post=535"}],"version-history":[{"count":5,"href":"https:\/\/mi-fontaneria.es\/blog\/wp-json\/wp\/v2\/pages\/535\/revisions"}],"predecessor-version":[{"id":1027,"href":"https:\/\/mi-fontaneria.es\/blog\/wp-json\/wp\/v2\/pages\/535\/revisions\/1027"}],"up":[{"embeddable":true,"href":"https:\/\/mi-fontaneria.es\/blog\/wp-json\/wp\/v2\/pages\/180"}],"wp:attachment":[{"href":"https:\/\/mi-fontaneria.es\/blog\/wp-json\/wp\/v2\/media?parent=535"}],"curies":[{"name":"wp","href":"https:\/\/api.w.org\/{rel}","templated":true}]}}