{"id":776,"date":"2013-10-15T16:50:55","date_gmt":"2013-10-15T16:50:55","guid":{"rendered":"https:\/\/mi-fontaneria.es\/blog\/?page_id=776"},"modified":"2015-02-06T16:45:35","modified_gmt":"2015-02-06T16:45:35","slug":"reparaciones","status":"publish","type":"page","link":"https:\/\/mi-fontaneria.es\/blog\/indice\/reparaciones\/","title":{"rendered":"Reparaciones"},"content":{"rendered":"<p><img loading=\"lazy\" decoding=\"async\" class=\"wp-image-382 alignright\" src=\"https:\/\/mi-fontaneria.es\/blog\/wp-content\/uploads\/2013\/01\/Bisagra-Amortiguada-802910190-3-150x150.jpg\" alt=\"3\u00ba paso montaje bisagra amortiguada ROCA\" width=\"90\" height=\"90\" \/><\/p>\n<p style=\"text-align: left;\"><span style=\"text-decoration: underline;\"><strong>Listado de post sobre reparaciones<\/strong><\/span><\/p>\n<p>&nbsp;<\/p>\n<p><a href=\"https:\/\/mi-fontaneria.es\/blog\/reparar-desconchado-banera\/\">Desconchado en una ba\u00f1era<\/a><\/p>\n<p><a title=\"Reparaci\u00f3n alimentaci\u00f3n cisterna\" href=\"https:\/\/mi-fontaneria.es\/blog\/reparacion-alimentacion-cisterna\/\">Reparaci\u00f3n m\u00e1s frecuente en un mecanismo de llenado Roca (antig\u00fco)<\/a><\/p>\n<p><a title=\"Sustituci\u00f3n Junta Mecanismo WIRQUIN MW2\" href=\"https:\/\/mi-fontaneria.es\/blog\/junta-mecanismo-wirquin-mw2\/\">Sustituir goma obturadora en el mecanismo de descarga Wirquin MW2<\/a><\/p>\n<p><a title=\"Bisagra Inodoro Roca Ca\u00edda Amortiguada 802910190\" href=\"https:\/\/mi-fontaneria.es\/blog\/bisagra-inodoro-roca-caida-amortiguada-802910190\/\">Sustituir bisagra amortiguada en un inodoro Roca <\/a><\/p>\n<p><a href=\"https:\/\/mi-fontaneria.es\/blog\/conjunto-bisagra-fijacion-para-asiento-inodoro-dama-blanco\/\">Cambiar la bisagra en un inodoro Roca Dama (Antig\u00fco)<\/a><\/p>\n<p><a title=\"Como limpiar un bote sif\u00f3nico cuando hay atasco en el ba\u00f1o\" href=\"https:\/\/mi-fontaneria.es\/blog\/como-limpiar-un-bote-sifonico-cuando-hay-atasco-en-el-bano\/\">Como limpiar un bote sif\u00f3nico cuando hay atasco en el ba\u00f1o<span id=\"transmark\"><\/span><\/a><\/p>\n","protected":false},"excerpt":{"rendered":"<p>Listado de post sobre reparaciones &nbsp; Desconchado en una ba\u00f1era Reparaci\u00f3n m\u00e1s frecuente en un mecanismo de llenado Roca (antig\u00fco) Sustituir goma obturadora en el mecanismo de descarga Wirquin MW2 Sustituir bisagra amortiguada en un inodoro Roca Cambiar la bisagra en un inodoro Roca Dama (Antig\u00fco) Como limpiar un bote sif\u00f3nico cuando hay atasco en [&hellip;]<\/p>\n","protected":false},"author":1,"featured_media":0,"parent":170,"menu_order":6,"comment_status":"closed","ping_status":"open","template":"","meta":{"_genesis_hide_title":false,"_genesis_hide_breadcrumbs":false,"_genesis_hide_singular_image":false,"_genesis_hide_footer_widgets":false,"_genesis_custom_body_class":"","_genesis_custom_post_class":"","_genesis_layout":"content-sidebar","jetpack_post_was_ever_published":false,"footnotes":""},"aioseo_notices":[],"jetpack_sharing_enabled":true,"jetpack-related-posts":[{"id":170,"url":"https:\/\/mi-fontaneria.es\/blog\/indice\/","url_meta":{"origin":776,"position":0},"title":"Indice de Entradas","author":"Grillo - Mifontaneria","date":"26 julio, 2012","format":false,"excerpt":"Modelos de Sanitario: Versiones del Modelo Dama. El IN-TANK Meridian. \u00bfDe qu\u00e9 marca y modelo es mi inodoro? Repuestos para Sanitarios: Para Roca: Mecanismos de descarga. Varios. Tapas y Asientos.\u00a0Varios. Pulsadores y tiradores. Varios Mecanismos de Alimentaci\u00f3n.\u00a0Varios. Para Wirquin: Descarga \u00a0universal MW2-PRO Sustituci\u00f3n de la goma obturadora. Para Geberit: \u00a0\u00a0Mecanismos\u2026","rel":"","context":"Entrada similar","block_context":{"text":"Entrada similar","link":""},"img":{"alt_text":"","src":"","width":0,"height":0},"classes":[]},{"id":184,"url":"https:\/\/mi-fontaneria.es\/blog\/indice\/repuestos-para-sanitarios\/roca\/mecanismos-de-descarga\/","url_meta":{"origin":776,"position":1},"title":"Mecanismos de Descarga Roca","author":"Grillo - Mifontaneria","date":"26 octubre, 2012","format":false,"excerpt":"\u00a0Mecanismo Roca D2P. Modificaci\u00f3n en la presentaci\u00f3n introducida por el fabricante en 2012. Diferencias entre los mecanismos de descarga Roca D1D y D2D","rel":"","context":"Entrada similar","block_context":{"text":"Entrada similar","link":""},"img":{"alt_text":"","src":"","width":0,"height":0},"classes":[]},{"id":535,"url":"https:\/\/mi-fontaneria.es\/blog\/indice\/repuestos-para-sanitarios\/roca\/mecanismos-aliementacion-roca\/","url_meta":{"origin":776,"position":2},"title":"Mecanismos alimentaci\u00f3n ROCA","author":"Grillo - Mifontaneria","date":"26 marzo, 2013","format":false,"excerpt":"\u00a0 Mecanismo de aliementaci\u00f3n de cisterna A2L","rel":"","context":"Entrada similar","block_context":{"text":"Entrada similar","link":""},"img":{"alt_text":"","src":"","width":0,"height":0},"classes":[]},{"id":180,"url":"https:\/\/mi-fontaneria.es\/blog\/indice\/repuestos-para-sanitarios\/roca\/","url_meta":{"origin":776,"position":3},"title":"Repuestos Roca","author":"Grillo - Mifontaneria","date":"26 octubre, 2012","format":false,"excerpt":"\u00a0Asientos y Tapas para indoro y bide marca ROCA \u00a0Mecanismo de descarga Roca. \u00a0Pulsadores y Tiradores ROCA en DORADO \u00a0Alimentacion de cisterna A2L de ROCA (Reparaci\u00f3n)","rel":"","context":"Entrada similar","block_context":{"text":"Entrada similar","link":""},"img":{"alt_text":"","src":"","width":0,"height":0},"classes":[]},{"id":505,"url":"https:\/\/mi-fontaneria.es\/blog\/indice\/repuestos-para-sanitarios\/roca\/pulsadores-tiradores-wc-roca\/","url_meta":{"origin":776,"position":4},"title":"Pulsadores y Tiradores para WC ROCA","author":"Grillo - Mifontaneria","date":"6 febrero, 2013","format":false,"excerpt":"\u00a0Pulsadores y Tiradores ROCA DORADOS \u00a0 \u00a0","rel":"","context":"Entrada similar","block_context":{"text":"Entrada similar","link":""},"img":{"alt_text":"","src":"","width":0,"height":0},"classes":[]},{"id":190,"url":"https:\/\/mi-fontaneria.es\/blog\/indice\/repuestos-para-sanitarios\/roca\/asientos-y-tapas\/","url_meta":{"origin":776,"position":5},"title":"Asientos y tapas","author":"Grillo - Mifontaneria","date":"26 octubre, 2012","format":false,"excerpt":"Cambios en los Asientos de inodoro Victoria. Supralit \u00a0 \u00a0 \u00a0\u00a0Bisagra m\u00e1s fijaci\u00f3n del asiento Dama. \u00a0 \u00a0 \u00a0 \u00a0 \u00a0 \u00a0 \u00a0 \u00a0 \u00a0 \u00a0 \u00a0 \u00a0 \u00a0 \u00a0 \u00a0 \u00a0\u00a0Bisagra Inodoro ca\u00edda amortiguada varios modelos Roca. \u00bfTapa o asiento de inodoro? \u00a0\u00bfQu\u00e9 bisagra lleva mi inodoro?","rel":"","context":"Entrada similar","block_context":{"text":"Entrada similar","link":""},"img":{"alt_text":"","src":"","width":0,"height":0},"classes":[]}],"_links":{"self":[{"href":"https:\/\/mi-fontaneria.es\/blog\/wp-json\/wp\/v2\/pages\/776"}],"collection":[{"href":"https:\/\/mi-fontaneria.es\/blog\/wp-json\/wp\/v2\/pages"}],"about":[{"href":"https:\/\/mi-fontaneria.es\/blog\/wp-json\/wp\/v2\/types\/page"}],"author":[{"embeddable":true,"href":"https:\/\/mi-fontaneria.es\/blog\/wp-json\/wp\/v2\/users\/1"}],"replies":[{"embeddable":true,"href":"https:\/\/mi-fontaneria.es\/blog\/wp-json\/wp\/v2\/comments?post=776"}],"version-history":[{"count":5,"href":"https:\/\/mi-fontaneria.es\/blog\/wp-json\/wp\/v2\/pages\/776\/revisions"}],"predecessor-version":[{"id":1485,"href":"https:\/\/mi-fontaneria.es\/blog\/wp-json\/wp\/v2\/pages\/776\/revisions\/1485"}],"up":[{"embeddable":true,"href":"https:\/\/mi-fontaneria.es\/blog\/wp-json\/wp\/v2\/pages\/170"}],"wp:attachment":[{"href":"https:\/\/mi-fontaneria.es\/blog\/wp-json\/wp\/v2\/media?parent=776"}],"curies":[{"name":"wp","href":"https:\/\/api.w.org\/{rel}","templated":true}]}}